{"id":843,"date":"2023-04-18T10:32:53","date_gmt":"2023-04-18T08:32:53","guid":{"rendered":"http:\/\/192.168.100.195\/wordpress\/?page_id=843"},"modified":"2024-05-07T15:23:06","modified_gmt":"2024-05-07T13:23:06","slug":"simulateur-guyane-agricole","status":"publish","type":"page","link":"https:\/\/guyane-agricole.com\/?page_id=843","title":{"rendered":"Simulateur GUYANE AGRICOLE"},"content":{"rendered":"\n<h2>Calculez votre r\u00e9duction d&rsquo;imp\u00f4t disponible (*)<\/h2>\n\n\n\n<p>(*) Les revenus imposables sup\u00e9rieurs \u00e0 371 818\u20ac peuvent b\u00e9n\u00e9ficier d&rsquo;un total de r\u00e9duction d&rsquo;imp\u00f4t \u00e9gal \u00e0 11% du revenu d\u00e9clar\u00e9.<\/p>\n\n\n<p><iframe loading=\"lazy\" width=\"800\" height=\"600\" src=\"https:\/\/guyane-agricole.com\/simulateur-guyane-agricole-wordpress.php\"><\/iframe><\/p>\n\n\n\n<hr class=\"wp-block-separator\"\/>\n\n\n\n<figure class=\"wp-block-image size-full is-resized\"><img loading=\"lazy\" src=\"http:\/\/guyane-agricole.com\/wp-content\/uploads\/2023\/10\/bandeau-message-alerte-1.jpg\" alt=\"\" class=\"wp-image-1210\" width=\"435\" height=\"99\" srcset=\"https:\/\/guyane-agricole.com\/wp-content\/uploads\/2023\/10\/bandeau-message-alerte-1.jpg 869w, https:\/\/guyane-agricole.com\/wp-content\/uploads\/2023\/10\/bandeau-message-alerte-1-300x68.jpg 300w, https:\/\/guyane-agricole.com\/wp-content\/uploads\/2023\/10\/bandeau-message-alerte-1-768x174.jpg 768w, https:\/\/guyane-agricole.com\/wp-content\/uploads\/2023\/10\/bandeau-message-alerte-1-359x81.jpg 359w\" sizes=\"(max-width: 435px) 100vw, 435px\" \/><\/figure>\n\n\n\n<p> <strong><em>Tout investissement quel qu\u2019il soit comporte toujours un risque significatif de requalification fiscale. Le risque est la perte de l\u2019int\u00e9gralit\u00e9 de votre investissement major\u00e9e de l\u2019avantage fiscal re\u00e7u et d\u2019\u00e9ventuelles p\u00e9nalit\u00e9s et\/ou amendes. De ce fait, tout investisseur doit s\u2019assurer au pr\u00e9alable que ses ressources financi\u00e8res seront suffisantes pour lui permettre d\u2019assumer ce risque. Le risque de requalification fiscale expire \u00e0 l\u2019issue de la p\u00e9riode minimale de conservation des titres de 5 ans.<\/em><\/strong> <\/p>\n\n\n\n<div class=\"wp-block-image\"><figure class=\"aligncenter size-large\"><img loading=\"lazy\" width=\"1024\" height=\"683\" src=\"https:\/\/guyane-agricole.com\/wp-content\/uploads\/2023\/07\/JungleMechaV3241-1536x1024-1-1024x683.jpg\" alt=\"\" class=\"wp-image-1149\" srcset=\"https:\/\/guyane-agricole.com\/wp-content\/uploads\/2023\/07\/JungleMechaV3241-1536x1024-1-1024x683.jpg 1024w, https:\/\/guyane-agricole.com\/wp-content\/uploads\/2023\/07\/JungleMechaV3241-1536x1024-1-300x200.jpg 300w, https:\/\/guyane-agricole.com\/wp-content\/uploads\/2023\/07\/JungleMechaV3241-1536x1024-1-768x512.jpg 768w, https:\/\/guyane-agricole.com\/wp-content\/uploads\/2023\/07\/JungleMechaV3241-1536x1024-1-359x239.jpg 359w, https:\/\/guyane-agricole.com\/wp-content\/uploads\/2023\/07\/JungleMechaV3241-1536x1024-1.jpg 1536w\" sizes=\"(max-width: 1024px) 100vw, 1024px\" \/><\/figure><\/div>\n","protected":false},"excerpt":{"rendered":"<p>Calculez votre r\u00e9duction d&rsquo;imp\u00f4t disponible (*) (*) Les revenus imposables sup\u00e9rieurs \u00e0 371 818\u20ac peuvent b\u00e9n\u00e9ficier d&rsquo;un total de&#8230;<\/p>\n","protected":false},"author":1,"featured_media":1566,"parent":0,"menu_order":0,"comment_status":"closed","ping_status":"closed","template":"","meta":[],"_links":{"self":[{"href":"https:\/\/guyane-agricole.com\/index.php?rest_route=\/wp\/v2\/pages\/843"}],"collection":[{"href":"https:\/\/guyane-agricole.com\/index.php?rest_route=\/wp\/v2\/pages"}],"about":[{"href":"https:\/\/guyane-agricole.com\/index.php?rest_route=\/wp\/v2\/types\/page"}],"author":[{"embeddable":true,"href":"https:\/\/guyane-agricole.com\/index.php?rest_route=\/wp\/v2\/users\/1"}],"replies":[{"embeddable":true,"href":"https:\/\/guyane-agricole.com\/index.php?rest_route=%2Fwp%2Fv2%2Fcomments&post=843"}],"version-history":[{"count":14,"href":"https:\/\/guyane-agricole.com\/index.php?rest_route=\/wp\/v2\/pages\/843\/revisions"}],"predecessor-version":[{"id":1226,"href":"https:\/\/guyane-agricole.com\/index.php?rest_route=\/wp\/v2\/pages\/843\/revisions\/1226"}],"wp:featuredmedia":[{"embeddable":true,"href":"https:\/\/guyane-agricole.com\/index.php?rest_route=\/wp\/v2\/media\/1566"}],"wp:attachment":[{"href":"https:\/\/guyane-agricole.com\/index.php?rest_route=%2Fwp%2Fv2%2Fmedia&parent=843"}],"curies":[{"name":"wp","href":"https:\/\/api.w.org\/{rel}","templated":true}]}}