{"id":573,"date":"2023-03-23T09:42:08","date_gmt":"2023-03-23T08:42:08","guid":{"rendered":"http:\/\/192.168.100.195\/wordpress\/?page_id=573"},"modified":"2023-08-28T16:19:46","modified_gmt":"2023-08-28T14:19:46","slug":"art-book","status":"publish","type":"page","link":"https:\/\/guyane-agricole.com\/?page_id=573","title":{"rendered":"Art Book"},"content":{"rendered":"\n<h2>Un mot du Graphiste<\/h2>\n\n\n\n<blockquote class=\"wp-block-quote\"><p><em>Dans le cadre de notre activit\u00e9 <em>Guyanaise<\/em><\/em> (<em>alliant l&rsquo;agriculture et la d\u00e9fiscalisation),<\/em> l&rsquo;\u00e9vidence entre la cr\u00e9ation de concepts visuels artistiques oniriques et le financement de Pistes et de canaux n&rsquo;\u00e9tait pas de mise. Pourtant, Christophe Popovitch, pr\u00e9sident de Guyane Agricole, m&rsquo;a laiss\u00e9 carte blanche pour vous inviter \u00e0 quelque r\u00eaveries dans le monde macroscopique d&rsquo;un petit personnage en bois qui m\u00eale la culture Laotienne des Hmong avec la profondeur et la mystique de la jungle Guyanaise. Merci \u00e0 lui pour cette confiance qui m&rsquo;a permis de vous proposer cette charte graphique originale&#8230;<br><\/p><cite>Emmanuel Clerget<\/cite><\/blockquote>\n\n\n\n<figure class=\"wp-block-image size-large\"><img loading=\"lazy\" width=\"1024\" height=\"320\" src=\"http:\/\/192.168.100.195\/wordpress\/wp-content\/uploads\/2023\/03\/WoodHat-Filaire4-1024x320.jpg\" alt=\"\" class=\"wp-image-596\" srcset=\"https:\/\/guyane-agricole.com\/wp-content\/uploads\/2023\/03\/WoodHat-Filaire4-1024x320.jpg 1024w, https:\/\/guyane-agricole.com\/wp-content\/uploads\/2023\/03\/WoodHat-Filaire4-300x94.jpg 300w, https:\/\/guyane-agricole.com\/wp-content\/uploads\/2023\/03\/WoodHat-Filaire4-768x240.jpg 768w, https:\/\/guyane-agricole.com\/wp-content\/uploads\/2023\/03\/WoodHat-Filaire4-1536x480.jpg 1536w, https:\/\/guyane-agricole.com\/wp-content\/uploads\/2023\/03\/WoodHat-Filaire4-2048x640.jpg 2048w, https:\/\/guyane-agricole.com\/wp-content\/uploads\/2023\/03\/WoodHat-Filaire4-359x112.jpg 359w, https:\/\/guyane-agricole.com\/wp-content\/uploads\/2023\/03\/WoodHat-Filaire4-800x250.jpg 800w\" sizes=\"(max-width: 1024px) 100vw, 1024px\" \/><\/figure>\n\n\n\n<div style=\"height:50px\" aria-hidden=\"true\" class=\"wp-block-spacer\"><\/div>\n\n\n\n<div class=\"alignnormal\"><div id=\"metaslider-id-641\" style=\"width: 100%;\" class=\"ml-slider-3-101-0 metaslider metaslider-flex metaslider-641 ml-slider ms-theme-default nav-hidden\" role=\"region\" aria-label=\"Nouveau diaporama\" data-height=\"400\" data-width=\"700\">\n    <div id=\"metaslider_container_641\">\n        <div id=\"metaslider_641\" class=\"flexslider\">\n            <ul class='slides'>\n                <li style=\"display: block; width: 100%;\" class=\"slide-642 ms-image \" aria-roledescription=\"slide\" data-date=\"2023-03-23 15:21:00\"><img src=\"https:\/\/guyane-agricole.com\/wp-content\/uploads\/2023\/03\/Woodhat-assis-branche-700x400.jpg\" height=\"400\" width=\"700\" alt=\"\" class=\"slider-641 slide-642 msDefaultImage\" title=\"Woodhat-assis-branche\" \/><\/li>\n                <li style=\"display: none; width: 100%;\" class=\"slide-643 ms-image \" aria-roledescription=\"slide\" data-date=\"2023-03-23 15:21:00\"><img src=\"https:\/\/guyane-agricole.com\/wp-content\/uploads\/2023\/03\/WoodHat-Baluchon-PisteV3-700x400.jpg\" height=\"400\" width=\"700\" alt=\"\" class=\"slider-641 slide-643 msDefaultImage\" title=\"WoodHat Baluchon PisteV3\" \/><\/li>\n                <li style=\"display: none; width: 100%;\" class=\"slide-644 ms-image \" aria-roledescription=\"slide\" data-date=\"2023-03-23 15:21:00\"><img src=\"https:\/\/guyane-agricole.com\/wp-content\/uploads\/2023\/03\/WoodHat-Baluchon-Champi-700x400.jpg\" height=\"400\" width=\"700\" alt=\"\" class=\"slider-641 slide-644 msDefaultImage\" title=\"WoodHat Baluchon Champi\" \/><\/li>\n                <li style=\"display: none; width: 100%;\" class=\"slide-645 ms-image \" aria-roledescription=\"slide\" data-date=\"2023-03-23 15:21:00\"><img src=\"https:\/\/guyane-agricole.com\/wp-content\/uploads\/2023\/03\/woodHat-relax3-scaled-700x400.jpg\" height=\"400\" width=\"700\" alt=\"\" class=\"slider-641 slide-645 msDefaultImage\" title=\"woodHat-relax3\" \/><\/li>\n                <li style=\"display: none; width: 100%;\" class=\"slide-646 ms-image \" aria-roledescription=\"slide\" data-date=\"2023-03-23 15:21:00\"><img src=\"https:\/\/guyane-agricole.com\/wp-content\/uploads\/2023\/03\/WoodHatYogaC-700x400.jpg\" height=\"400\" width=\"700\" alt=\"\" class=\"slider-641 slide-646 msDefaultImage\" title=\"WoodHatYogaC\" \/><\/li>\n                <li style=\"display: none; width: 100%;\" class=\"slide-647 ms-image \" aria-roledescription=\"slide\" data-date=\"2023-03-23 15:21:00\"><img src=\"https:\/\/guyane-agricole.com\/wp-content\/uploads\/2023\/03\/Woodhat-shot-fire-700x400.jpg\" height=\"400\" width=\"700\" alt=\"\" class=\"slider-641 slide-647 msDefaultImage\" title=\"Woodhat-shot-fire\" \/><\/li>\n                <li style=\"display: none; width: 100%;\" class=\"slide-648 ms-image \" aria-roledescription=\"slide\" data-date=\"2023-03-23 15:21:00\"><img src=\"https:\/\/guyane-agricole.com\/wp-content\/uploads\/2023\/03\/WoodhatRhum7-700x400.jpg\" height=\"400\" width=\"700\" alt=\"\" class=\"slider-641 slide-648 msDefaultImage\" title=\"WoodhatRhum7\" \/><\/li>\n                <li style=\"display: none; width: 100%;\" class=\"slide-649 ms-image \" aria-roledescription=\"slide\" data-date=\"2023-03-23 15:21:01\"><img src=\"https:\/\/guyane-agricole.com\/wp-content\/uploads\/2023\/03\/woodHatTriste5-700x400.jpg\" height=\"400\" width=\"700\" alt=\"\" class=\"slider-641 slide-649 msDefaultImage\" title=\"woodHatTriste5\" \/><\/li>\n                <li style=\"display: none; width: 100%;\" class=\"slide-650 ms-image \" aria-roledescription=\"slide\" data-date=\"2023-03-23 15:21:01\"><img src=\"https:\/\/guyane-agricole.com\/wp-content\/uploads\/2023\/03\/woodhatpiste2-700x400.jpg\" height=\"400\" width=\"700\" alt=\"\" class=\"slider-641 slide-650 msDefaultImage\" title=\"woodhatpiste2\" \/><\/li>\n                <li style=\"display: none; width: 100%;\" class=\"slide-651 ms-image \" aria-roledescription=\"slide\" data-date=\"2023-03-23 15:21:01\"><img src=\"https:\/\/guyane-agricole.com\/wp-content\/uploads\/2023\/03\/FondEcranPenteDouceRes2-700x400.jpg\" height=\"400\" width=\"700\" alt=\"\" class=\"slider-641 slide-651 msDefaultImage\" title=\"FondEcranPenteDouceRes2\" \/><\/li>\n                <li style=\"display: none; width: 100%;\" class=\"slide-652 ms-image \" aria-roledescription=\"slide\" data-date=\"2023-03-23 15:21:01\"><img src=\"https:\/\/guyane-agricole.com\/wp-content\/uploads\/2023\/03\/FondEcranForestRes2-700x400.jpg\" height=\"400\" width=\"700\" alt=\"\" class=\"slider-641 slide-652 msDefaultImage\" title=\"FondEcranForestRes2\" \/><\/li>\n                <li style=\"display: none; width: 100%;\" class=\"slide-653 ms-image \" aria-roledescription=\"slide\" data-date=\"2023-03-23 15:21:01\"><img src=\"https:\/\/guyane-agricole.com\/wp-content\/uploads\/2023\/03\/FondEcranMusique-700x400.jpg\" height=\"400\" width=\"700\" alt=\"\" class=\"slider-641 slide-653 msDefaultImage\" title=\"FondEcranMusique\" \/><\/li>\n                <li style=\"display: none; width: 100%;\" class=\"slide-654 ms-image \" aria-roledescription=\"slide\" data-date=\"2023-03-23 15:21:01\"><img src=\"https:\/\/guyane-agricole.com\/wp-content\/uploads\/2023\/03\/woodhatTeam-1-700x400.jpg\" height=\"400\" width=\"700\" alt=\"\" class=\"slider-641 slide-654 msDefaultImage\" title=\"woodhatTeam\" \/><\/li>\n                <li style=\"display: none; width: 100%;\" class=\"slide-655 ms-image \" aria-roledescription=\"slide\" data-date=\"2023-03-23 15:21:01\"><img src=\"https:\/\/guyane-agricole.com\/wp-content\/uploads\/2023\/03\/WoodHat-cabane-Post-prodTer-700x400.jpg\" height=\"400\" width=\"700\" alt=\"\" class=\"slider-641 slide-655 msDefaultImage\" title=\"WoodHat cabane Post-prodTer\" \/><\/li>\n                <li style=\"display: none; width: 100%;\" class=\"slide-656 ms-image \" aria-roledescription=\"slide\" data-date=\"2023-03-23 15:21:01\"><img src=\"https:\/\/guyane-agricole.com\/wp-content\/uploads\/2023\/03\/Shaolin-WoodHAt2-700x400.jpg\" height=\"400\" width=\"700\" alt=\"\" class=\"slider-641 slide-656 msDefaultImage\" title=\"Shaolin-WoodHAt2\" \/><\/li>\n                <li style=\"display: none; width: 100%;\" class=\"slide-657 ms-image \" aria-roledescription=\"slide\" data-date=\"2023-03-23 15:21:01\"><img src=\"https:\/\/guyane-agricole.com\/wp-content\/uploads\/2023\/03\/WoodHat-invitpost-prod-700x400.jpg\" height=\"400\" width=\"700\" alt=\"\" class=\"slider-641 slide-657 msDefaultImage\" title=\"WoodHat-invitpost-prod\" \/><\/li>\n                <li style=\"display: none; width: 100%;\" class=\"slide-658 ms-image \" aria-roledescription=\"slide\" data-date=\"2023-03-23 15:21:01\"><img src=\"https:\/\/guyane-agricole.com\/wp-content\/uploads\/2023\/03\/Woodhat-bambooV2-scaled-700x400.jpg\" height=\"400\" width=\"700\" alt=\"\" class=\"slider-641 slide-658 msDefaultImage\" title=\"Woodhat-bambooV2\" \/><\/li>\n                <li style=\"display: none; width: 100%;\" class=\"slide-659 ms-image \" aria-roledescription=\"slide\" data-date=\"2023-03-23 15:21:02\"><img src=\"https:\/\/guyane-agricole.com\/wp-content\/uploads\/2023\/03\/Woodhat-echec-700x400.jpg\" height=\"400\" width=\"700\" alt=\"\" class=\"slider-641 slide-659 msDefaultImage\" title=\"Woodhat-echec\" \/><\/li>\n                <li style=\"display: none; width: 100%;\" class=\"slide-660 ms-image \" aria-roledescription=\"slide\" data-date=\"2023-03-23 15:21:02\"><img src=\"https:\/\/guyane-agricole.com\/wp-content\/uploads\/2023\/03\/EnvolWind-1-700x400.jpg\" height=\"400\" width=\"700\" alt=\"\" class=\"slider-641 slide-660 msDefaultImage\" title=\"EnvolWind\" \/><\/li>\n                <li style=\"display: none; width: 100%;\" class=\"slide-661 ms-image \" aria-roledescription=\"slide\" data-date=\"2023-03-23 15:21:02\"><img src=\"https:\/\/guyane-agricole.com\/wp-content\/uploads\/2023\/03\/Woodhat-sur-fourmis-700x400.jpg\" height=\"400\" width=\"700\" alt=\"\" class=\"slider-641 slide-661 msDefaultImage\" title=\"Woodhat sur fourmis\" \/><\/li>\n                <li style=\"display: none; width: 100%;\" class=\"slide-662 ms-image \" aria-roledescription=\"slide\" data-date=\"2023-03-23 15:21:02\"><img src=\"https:\/\/guyane-agricole.com\/wp-content\/uploads\/2023\/03\/Plante-carnivore-panoramique-V3-700x400.jpg\" height=\"400\" width=\"700\" alt=\"\" class=\"slider-641 slide-662 msDefaultImage\" title=\"Plante carnivore panoramique V3\" \/><\/li>\n                <li style=\"display: none; width: 100%;\" class=\"slide-663 ms-image \" aria-roledescription=\"slide\" data-date=\"2023-03-23 15:21:02\"><img src=\"https:\/\/guyane-agricole.com\/wp-content\/uploads\/2023\/03\/CoronaVirusPostProd2-700x400.jpg\" height=\"400\" width=\"700\" alt=\"\" class=\"slider-641 slide-663 msDefaultImage\" title=\"CoronaVirusPostProd2\" \/><\/li>\n                <li style=\"display: none; width: 100%;\" class=\"slide-664 ms-image \" aria-roledescription=\"slide\" data-date=\"2023-03-23 15:21:02\"><img src=\"https:\/\/guyane-agricole.com\/wp-content\/uploads\/2023\/03\/Feuille-pluie-postProd-700x400.jpg\" height=\"400\" width=\"700\" alt=\"\" class=\"slider-641 slide-664 msDefaultImage\" title=\"Feuille-pluie-postProd\" \/><\/li>\n                <li style=\"display: none; width: 100%;\" class=\"slide-665 ms-image \" aria-roledescription=\"slide\" data-date=\"2023-03-23 15:21:02\"><img src=\"https:\/\/guyane-agricole.com\/wp-content\/uploads\/2023\/03\/Woodhat-plantation-post-prod-700x400.jpg\" height=\"400\" width=\"700\" alt=\"\" class=\"slider-641 slide-665 msDefaultImage\" title=\"Woodhat-plantation-post-prod\" \/><\/li>\n                <li style=\"display: none; width: 100%;\" class=\"slide-666 ms-image \" aria-roledescription=\"slide\" data-date=\"2023-03-23 15:21:02\"><img src=\"https:\/\/guyane-agricole.com\/wp-content\/uploads\/2023\/03\/sieste-WoodHat-opti-700x400.jpg\" height=\"400\" width=\"700\" alt=\"\" class=\"slider-641 slide-666 msDefaultImage\" title=\"sieste WoodHat opti\" \/><\/li>\n                <li style=\"display: none; width: 100%;\" class=\"slide-667 ms-image \" aria-roledescription=\"slide\" data-date=\"2023-03-23 15:21:02\"><img src=\"https:\/\/guyane-agricole.com\/wp-content\/uploads\/2023\/03\/woodHat-equilibre-700x400.jpg\" height=\"400\" width=\"700\" alt=\"\" class=\"slider-641 slide-667 msDefaultImage\" title=\"woodHat-equilibre\" \/><\/li>\n                <li style=\"display: none; width: 100%;\" class=\"slide-668 ms-image \" aria-roledescription=\"slide\" data-date=\"2023-03-23 15:21:03\"><img src=\"https:\/\/guyane-agricole.com\/wp-content\/uploads\/2023\/03\/Mascotte-Ga-deroule-feuille-1-700x400.jpg\" height=\"400\" width=\"700\" alt=\"\" class=\"slider-641 slide-668 msDefaultImage\" title=\"Mascotte-Ga-deroule-feuille\" \/><\/li>\n            <\/ul>\n        <\/div>\n        \n    <\/div>\n<\/div><\/div>\n\n\n\n<div style=\"height:53px\" aria-hidden=\"true\" class=\"wp-block-spacer\"><\/div>\n\n\n\n<div class=\"wp-block-image\"><figure class=\"aligncenter size-full\"><img loading=\"lazy\" width=\"349\" height=\"95\" src=\"http:\/\/192.168.100.195\/wordpress\/wp-content\/uploads\/2023\/05\/Separateur-woodHat.png\" alt=\"\" class=\"wp-image-1011\" srcset=\"https:\/\/guyane-agricole.com\/wp-content\/uploads\/2023\/05\/Separateur-woodHat.png 349w, https:\/\/guyane-agricole.com\/wp-content\/uploads\/2023\/05\/Separateur-woodHat-300x82.png 300w\" sizes=\"(max-width: 349px) 100vw, 349px\" \/><\/figure><\/div>\n\n\n","protected":false},"excerpt":{"rendered":"<p>Un mot du Graphiste Dans le cadre de notre activit\u00e9 Guyanaise (alliant l&rsquo;agriculture et la d\u00e9fiscalisation), l&rsquo;\u00e9vidence entre la&#8230;<\/p>\n","protected":false},"author":1,"featured_media":586,"parent":0,"menu_order":0,"comment_status":"closed","ping_status":"closed","template":"","meta":[],"_links":{"self":[{"href":"https:\/\/guyane-agricole.com\/index.php?rest_route=\/wp\/v2\/pages\/573"}],"collection":[{"href":"https:\/\/guyane-agricole.com\/index.php?rest_route=\/wp\/v2\/pages"}],"about":[{"href":"https:\/\/guyane-agricole.com\/index.php?rest_route=\/wp\/v2\/types\/page"}],"author":[{"embeddable":true,"href":"https:\/\/guyane-agricole.com\/index.php?rest_route=\/wp\/v2\/users\/1"}],"replies":[{"embeddable":true,"href":"https:\/\/guyane-agricole.com\/index.php?rest_route=%2Fwp%2Fv2%2Fcomments&post=573"}],"version-history":[{"count":31,"href":"https:\/\/guyane-agricole.com\/index.php?rest_route=\/wp\/v2\/pages\/573\/revisions"}],"predecessor-version":[{"id":1189,"href":"https:\/\/guyane-agricole.com\/index.php?rest_route=\/wp\/v2\/pages\/573\/revisions\/1189"}],"wp:featuredmedia":[{"embeddable":true,"href":"https:\/\/guyane-agricole.com\/index.php?rest_route=\/wp\/v2\/media\/586"}],"wp:attachment":[{"href":"https:\/\/guyane-agricole.com\/index.php?rest_route=%2Fwp%2Fv2%2Fmedia&parent=573"}],"curies":[{"name":"wp","href":"https:\/\/api.w.org\/{rel}","templated":true}]}}