{"id":503,"date":"2023-03-17T16:12:35","date_gmt":"2023-03-17T15:12:35","guid":{"rendered":"http:\/\/192.168.100.195\/wordpress\/?page_id=503"},"modified":"2024-01-11T07:59:31","modified_gmt":"2024-01-11T06:59:31","slug":"un-partenaire-de-confiance","status":"publish","type":"page","link":"https:\/\/guyane-agricole.com\/?page_id=503","title":{"rendered":"Un partenaire de confiance"},"content":{"rendered":"\n<h2>WIND CONSULTING<\/h2>\n\n\n\n<p>L&rsquo;activit\u00e9 principale de la soci\u00e9t\u00e9 WIND CONSULTING est le conseil, l\u2019assistance et le suivi d\u2019exploitants agricole en Guyane.<\/p>\n\n\n\n<h4>1. LE CONSEIL :<\/h4>\n\n\n\n<p>La soci\u00e9t\u00e9 WIND CONSULTING assure une prestation de conseil aupr\u00e8s des exploitants agricoles guyanais notamment pour une utilisation optimale et rationnelle des divers dispositifs de financement disponibles, la recherche de subventions et de cr\u00e9dits, ou encore la n\u00e9gociation avec les organismes concern\u00e9s.<br>A cet effet, la soci\u00e9t\u00e9 WIND CONSULTING r\u00e9alise une analyse financi\u00e8re des projets d\u2019investissement de l\u2019exploitant. Cette analyse comprend une \u00e9tude pr\u00e9cise de la nature des travaux souhait\u00e9 par l\u2019exploitant agricole afin de d\u00e9terminer la coh\u00e9rence de ceux-ci par rapport \u00e0 l\u2019exploitation, ainsi que leur faisabilit\u00e9.<br>La soci\u00e9t\u00e9 WIND CONSULTING identifie alors les exploitants \u00e9ligibles \u00e0 l\u2019offre GUYANE AGRICOLE et les exploitants transmettent a  GUYANE AGRICOLE  une demande de financement des travaux envisag\u00e9s. A la charge de la soci\u00e9t\u00e9 GUYANE AGRICOLE de valider ou invalider le projet. Le cas \u00e9ch\u00e9ant, la soci\u00e9t\u00e9 WIND CONSULTING assistera l\u2019exploitant agricole dans la n\u00e9gociation et\/ou l\u2019\u00e9tablissement de tous contrats, protocoles et conventions diverses li\u00e9s aux projets qu\u2019il souhaite r\u00e9aliser.<\/p>\n\n\n\n<h4>2. L\u2019ASSISTANCE :<\/h4>\n\n\n\n<p>WIND CONSULTING s\u2019engage \u00e0 fournir pour chaque exploitant contractuellement li\u00e9, une assistance dans les services administratifs et juridiques. Ces services comprennent notamment pour les investissements li\u00e9s \u00e0 cette prestation :<\/p>\n\n\n\n<ul><li>L\u2019assistance pour l\u2019examen de tous probl\u00e8mes administratifs et juridiques li\u00e9s aux investissements de son exploitation agricole ;<\/li><li>La r\u00e9alisation de toutes prestations de coordination dans la gestion desdits investissements et, en particulier, la propri\u00e9t\u00e9 \u00e0 terme de ces investissements dont le b\u00e9n\u00e9ficiaire est actuellement locataire ;<\/li><li>L\u2019assistance le cas \u00e9ch\u00e9ant dans toutes proc\u00e9dures pr\u00e9contentieuses, que ce soit en demande ou en d\u00e9fense ;<\/li><li>La transmission des informations et la gestion des demandes de l\u2019expert-comptable de l\u2019exploitant relatives aux investissements financ\u00e9s.<\/li><\/ul>\n\n\n\n<h4>3. LE SUIVI :<\/h4>\n\n\n\n<p>La soci\u00e9t\u00e9 WIND CONSULTING assure \u00e9galement une prestation de suivi des dossiers d\u2019investissements pendant l\u2019int\u00e9gralit\u00e9 de la dur\u00e9e des contrats. En effet, la soci\u00e9t\u00e9 veille au bon d\u00e9roulement des op\u00e9rations sur l\u2019ensemble du cycle des investissements et comprend notamment :<\/p>\n\n\n\n<ul><li>La r\u00e9alisation de constats apr\u00e8s travaux ;<\/li><li>La production annuelle de constats de suivis afin de v\u00e9rifier le bon entretien et la bonne tenue desdits travaux ;<\/li><li>Le cas \u00e9ch\u00e9ant, la transmission \u00e0 l\u2019exploitant d\u2019un rapport lui intimant de r\u00e9aliser les interventions n\u00e9cessaires sur son exploitation.<\/li><\/ul>\n","protected":false},"excerpt":{"rendered":"<p>WIND CONSULTING L&rsquo;activit\u00e9 principale de la soci\u00e9t\u00e9 WIND CONSULTING est le conseil, l\u2019assistance et le suivi d\u2019exploitants agricole en&#8230;<\/p>\n","protected":false},"author":1,"featured_media":506,"parent":0,"menu_order":0,"comment_status":"closed","ping_status":"closed","template":"","meta":[],"_links":{"self":[{"href":"https:\/\/guyane-agricole.com\/index.php?rest_route=\/wp\/v2\/pages\/503"}],"collection":[{"href":"https:\/\/guyane-agricole.com\/index.php?rest_route=\/wp\/v2\/pages"}],"about":[{"href":"https:\/\/guyane-agricole.com\/index.php?rest_route=\/wp\/v2\/types\/page"}],"author":[{"embeddable":true,"href":"https:\/\/guyane-agricole.com\/index.php?rest_route=\/wp\/v2\/users\/1"}],"replies":[{"embeddable":true,"href":"https:\/\/guyane-agricole.com\/index.php?rest_route=%2Fwp%2Fv2%2Fcomments&post=503"}],"version-history":[{"count":2,"href":"https:\/\/guyane-agricole.com\/index.php?rest_route=\/wp\/v2\/pages\/503\/revisions"}],"predecessor-version":[{"id":1463,"href":"https:\/\/guyane-agricole.com\/index.php?rest_route=\/wp\/v2\/pages\/503\/revisions\/1463"}],"wp:featuredmedia":[{"embeddable":true,"href":"https:\/\/guyane-agricole.com\/index.php?rest_route=\/wp\/v2\/media\/506"}],"wp:attachment":[{"href":"https:\/\/guyane-agricole.com\/index.php?rest_route=%2Fwp%2Fv2%2Fmedia&parent=503"}],"curies":[{"name":"wp","href":"https:\/\/api.w.org\/{rel}","templated":true}]}}