{"id":367,"date":"2023-03-02T11:12:53","date_gmt":"2023-03-02T10:12:53","guid":{"rendered":"http:\/\/192.168.100.195\/wordpress\/?page_id=367"},"modified":"2023-08-28T15:58:09","modified_gmt":"2023-08-28T13:58:09","slug":"souvenirs-de-voyages","status":"publish","type":"page","link":"https:\/\/guyane-agricole.com\/?page_id=367","title":{"rendered":"Souvenirs de voyages"},"content":{"rendered":"\n<h2>Souvenirs de voyages<\/h2>\n\n\n\n<p>La Guyane est une destination unique en son genre, offrant une riche exp\u00e9rience de voyage qui m\u00e9lange culture, nature et aventures. Les nombreux clich\u00e9s pour capturer les moments forts de nos voyages, racontent tous une histoire diff\u00e9rente.<\/p>\n\n\n\n<p>Parmi ces souvenirs, vous pourrez voir des photos de magnifiques paysages Guyanais ainsi que de la Faune et de la Flore locale, comme les paresseux, les ca\u00efmans, les oiseaux tropicaux color\u00e9s et des papillons spectaculaires.<\/p>\n\n\n\n<p>Vous pourrez \u00e9galement d\u00e9couvrir des moments de vie quotidienne avec les Hmong, immortalisant ainsi des instants de convivialit\u00e9 et de partage.<\/p>\n\n\n\n<div style=\"height:50px\" aria-hidden=\"true\" class=\"wp-block-spacer\"><\/div>\n\n\n\n<p>Les Hmong en Guyane sont une communaut\u00e9 florissante, comptant plus de 10 000 personnes. Ils ont r\u00e9ussi leur int\u00e9gration tout en pr\u00e9servant leur culture et leurs traditions. Les Hmong ont \u00e9galement cr\u00e9\u00e9 des entreprises agricoles prosp\u00e8res et sont devenus un acteur important de l\u2019\u00e9conomie agricole de la Guyane.<\/p>\n\n\n\n<div class=\"wp-block-image\"><figure class=\"aligncenter size-full\"><img loading=\"lazy\" width=\"349\" height=\"61\" src=\"http:\/\/192.168.100.195\/wordpress\/wp-content\/uploads\/2023\/05\/Separateur-photo-1.png\" alt=\"\" class=\"wp-image-991\" srcset=\"https:\/\/guyane-agricole.com\/wp-content\/uploads\/2023\/05\/Separateur-photo-1.png 349w, https:\/\/guyane-agricole.com\/wp-content\/uploads\/2023\/05\/Separateur-photo-1-300x52.png 300w\" sizes=\"(max-width: 349px) 100vw, 349px\" \/><\/figure><\/div>\n\n\n\n<blockquote class=\"wp-block-quote\"><p><a href=\"http:\/\/192.168.100.195\/wordpress\/?page_id=909\">Nos rencontres avec les hmong<\/a><\/p><cite>Photos GUYANE AGRICOLE<\/cite><\/blockquote>\n\n\n\n<figure class=\"wp-block-image size-large\"><a href=\"https:\/\/guyane-agricole.com\/?page_id=909\"><img loading=\"lazy\" width=\"1024\" height=\"413\" src=\"http:\/\/guyane-agricole.com\/wp-content\/uploads\/2023\/05\/Bandeau-Hmong-souvenirs-de-voyagefioriture2-1024x413.jpg\" alt=\"\" class=\"wp-image-974\" srcset=\"https:\/\/guyane-agricole.com\/wp-content\/uploads\/2023\/05\/Bandeau-Hmong-souvenirs-de-voyagefioriture2-1024x413.jpg 1024w, https:\/\/guyane-agricole.com\/wp-content\/uploads\/2023\/05\/Bandeau-Hmong-souvenirs-de-voyagefioriture2-300x121.jpg 300w, https:\/\/guyane-agricole.com\/wp-content\/uploads\/2023\/05\/Bandeau-Hmong-souvenirs-de-voyagefioriture2-768x310.jpg 768w, https:\/\/guyane-agricole.com\/wp-content\/uploads\/2023\/05\/Bandeau-Hmong-souvenirs-de-voyagefioriture2-1536x620.jpg 1536w, https:\/\/guyane-agricole.com\/wp-content\/uploads\/2023\/05\/Bandeau-Hmong-souvenirs-de-voyagefioriture2-2048x826.jpg 2048w, https:\/\/guyane-agricole.com\/wp-content\/uploads\/2023\/05\/Bandeau-Hmong-souvenirs-de-voyagefioriture2-359x145.jpg 359w\" sizes=\"(max-width: 1024px) 100vw, 1024px\" \/><\/a><\/figure>\n\n\n\n<div style=\"height:75px\" aria-hidden=\"true\" class=\"wp-block-spacer\"><\/div>\n\n\n\n<hr class=\"wp-block-separator\"\/>\n\n\n\n<p>La diversit\u00e9 des \u00e9cosyst\u00e8mes pr\u00e9sents en Guyane, allant de la for\u00eat \u00e9quatoriale aux savanes en passant par les marais et les mangroves, permettent \u00e0 de nombreuses esp\u00e8ces animales de cohabiter et de s\u2019adapter \u00e0 des environnements diff\u00e9rents.<\/p>\n\n\n\n<div class=\"wp-block-image\"><figure class=\"aligncenter size-full\"><img loading=\"lazy\" width=\"349\" height=\"73\" src=\"http:\/\/192.168.100.195\/wordpress\/wp-content\/uploads\/2023\/05\/Separateur-Jaguar.png\" alt=\"\" class=\"wp-image-993\" srcset=\"https:\/\/guyane-agricole.com\/wp-content\/uploads\/2023\/05\/Separateur-Jaguar.png 349w, https:\/\/guyane-agricole.com\/wp-content\/uploads\/2023\/05\/Separateur-Jaguar-300x63.png 300w\" sizes=\"(max-width: 349px) 100vw, 349px\" \/><\/figure><\/div>\n\n\n\n<blockquote class=\"wp-block-quote\"><p><a href=\"http:\/\/192.168.100.195\/wordpress\/?page_id=914\">Nos souvenirs avec la Faune Guyanaise<\/a><\/p><cite>Photos GUYANE AGRICOLE<\/cite><\/blockquote>\n\n\n\n<figure class=\"wp-block-image size-large\"><a href=\"https:\/\/guyane-agricole.com\/?page_id=914\"><img loading=\"lazy\" width=\"1024\" height=\"413\" src=\"https:\/\/guyane-agricole.com\/wp-content\/uploads\/2023\/08\/Bandeau-Faune-souvenirs-de-voyagefioriture-1-1024x413.jpg\" alt=\"\" class=\"wp-image-1183\" srcset=\"https:\/\/guyane-agricole.com\/wp-content\/uploads\/2023\/08\/Bandeau-Faune-souvenirs-de-voyagefioriture-1-1024x413.jpg 1024w, https:\/\/guyane-agricole.com\/wp-content\/uploads\/2023\/08\/Bandeau-Faune-souvenirs-de-voyagefioriture-1-300x121.jpg 300w, https:\/\/guyane-agricole.com\/wp-content\/uploads\/2023\/08\/Bandeau-Faune-souvenirs-de-voyagefioriture-1-768x310.jpg 768w, https:\/\/guyane-agricole.com\/wp-content\/uploads\/2023\/08\/Bandeau-Faune-souvenirs-de-voyagefioriture-1-1536x620.jpg 1536w, https:\/\/guyane-agricole.com\/wp-content\/uploads\/2023\/08\/Bandeau-Faune-souvenirs-de-voyagefioriture-1-2048x826.jpg 2048w, https:\/\/guyane-agricole.com\/wp-content\/uploads\/2023\/08\/Bandeau-Faune-souvenirs-de-voyagefioriture-1-359x145.jpg 359w\" sizes=\"(max-width: 1024px) 100vw, 1024px\" \/><\/a><\/figure>\n\n\n\n<div style=\"height:75px\" aria-hidden=\"true\" class=\"wp-block-spacer\"><\/div>\n\n\n\n<hr class=\"wp-block-separator\"\/>\n\n\n\n<p>La Guyane abrite une flore exceptionnelle en raison de la diversit\u00e9 de ses \u00e9cosyst\u00e8mes. La for\u00eat amazonienne, qui couvre la majeure partie de la Guyane, est l\u2019un des \u00e9cosyst\u00e8mes les plus riches en biodiversit\u00e9 au monde.<\/p>\n\n\n\n<div class=\"wp-block-image\"><figure class=\"aligncenter size-full\"><img loading=\"lazy\" width=\"349\" height=\"84\" src=\"http:\/\/192.168.100.195\/wordpress\/wp-content\/uploads\/2023\/05\/Separateur-Floral.png\" alt=\"\" class=\"wp-image-994\" srcset=\"https:\/\/guyane-agricole.com\/wp-content\/uploads\/2023\/05\/Separateur-Floral.png 349w, https:\/\/guyane-agricole.com\/wp-content\/uploads\/2023\/05\/Separateur-Floral-300x72.png 300w\" sizes=\"(max-width: 349px) 100vw, 349px\" \/><\/figure><\/div>\n\n\n\n<blockquote class=\"wp-block-quote\"><p><a href=\"http:\/\/192.168.100.195\/wordpress\/?page_id=924\">L&rsquo;extraordinaire Flore Guyanaise<\/a><\/p><cite>Photos GUYANE AGRICOLE<\/cite><\/blockquote>\n\n\n\n<figure class=\"wp-block-image size-large\"><a href=\"https:\/\/guyane-agricole.com\/?page_id=924\"><img loading=\"lazy\" width=\"1024\" height=\"413\" src=\"https:\/\/guyane-agricole.com\/wp-content\/uploads\/2023\/08\/Bandeau-Flore-souvenirs-de-voyagefioriture2-1024x413.jpg\" alt=\"\" class=\"wp-image-1181\" srcset=\"https:\/\/guyane-agricole.com\/wp-content\/uploads\/2023\/08\/Bandeau-Flore-souvenirs-de-voyagefioriture2-1024x413.jpg 1024w, https:\/\/guyane-agricole.com\/wp-content\/uploads\/2023\/08\/Bandeau-Flore-souvenirs-de-voyagefioriture2-300x121.jpg 300w, https:\/\/guyane-agricole.com\/wp-content\/uploads\/2023\/08\/Bandeau-Flore-souvenirs-de-voyagefioriture2-768x310.jpg 768w, https:\/\/guyane-agricole.com\/wp-content\/uploads\/2023\/08\/Bandeau-Flore-souvenirs-de-voyagefioriture2-1536x620.jpg 1536w, https:\/\/guyane-agricole.com\/wp-content\/uploads\/2023\/08\/Bandeau-Flore-souvenirs-de-voyagefioriture2-2048x826.jpg 2048w, https:\/\/guyane-agricole.com\/wp-content\/uploads\/2023\/08\/Bandeau-Flore-souvenirs-de-voyagefioriture2-359x145.jpg 359w\" sizes=\"(max-width: 1024px) 100vw, 1024px\" \/><\/a><\/figure>\n","protected":false},"excerpt":{"rendered":"<p>Souvenirs de voyages La Guyane est une destination unique en son genre, offrant une riche exp\u00e9rience de voyage qui&#8230;<\/p>\n","protected":false},"author":1,"featured_media":61,"parent":0,"menu_order":0,"comment_status":"closed","ping_status":"closed","template":"","meta":[],"_links":{"self":[{"href":"https:\/\/guyane-agricole.com\/index.php?rest_route=\/wp\/v2\/pages\/367"}],"collection":[{"href":"https:\/\/guyane-agricole.com\/index.php?rest_route=\/wp\/v2\/pages"}],"about":[{"href":"https:\/\/guyane-agricole.com\/index.php?rest_route=\/wp\/v2\/types\/page"}],"author":[{"embeddable":true,"href":"https:\/\/guyane-agricole.com\/index.php?rest_route=\/wp\/v2\/users\/1"}],"replies":[{"embeddable":true,"href":"https:\/\/guyane-agricole.com\/index.php?rest_route=%2Fwp%2Fv2%2Fcomments&post=367"}],"version-history":[{"count":44,"href":"https:\/\/guyane-agricole.com\/index.php?rest_route=\/wp\/v2\/pages\/367\/revisions"}],"predecessor-version":[{"id":1185,"href":"https:\/\/guyane-agricole.com\/index.php?rest_route=\/wp\/v2\/pages\/367\/revisions\/1185"}],"wp:featuredmedia":[{"embeddable":true,"href":"https:\/\/guyane-agricole.com\/index.php?rest_route=\/wp\/v2\/media\/61"}],"wp:attachment":[{"href":"https:\/\/guyane-agricole.com\/index.php?rest_route=%2Fwp%2Fv2%2Fmedia&parent=367"}],"curies":[{"name":"wp","href":"https:\/\/api.w.org\/{rel}","templated":true}]}}