{"id":339,"date":"2023-02-27T14:46:10","date_gmt":"2023-02-27T13:46:10","guid":{"rendered":"http:\/\/192.168.100.195\/wordpress\/?page_id=339"},"modified":"2025-04-08T08:44:48","modified_gmt":"2025-04-08T06:44:48","slug":"nos-engagements","status":"publish","type":"page","link":"https:\/\/guyane-agricole.com\/?page_id=339","title":{"rendered":"Nos engagements"},"content":{"rendered":"\n<div style=\"height:100px\" aria-hidden=\"true\" class=\"wp-block-spacer\"><\/div>\n\n\n\n<div class=\"wp-block-media-text alignwide is-stacked-on-mobile\" style=\"grid-template-columns:15% auto\"><figure class=\"wp-block-media-text__media\"><img loading=\"lazy\" width=\"95\" height=\"122\" src=\"http:\/\/guyane-agricole.com\/wp-content\/uploads\/2023\/06\/garanties-1.png\" alt=\"\" class=\"wp-image-1113 size-full\"\/><\/figure><div class=\"wp-block-media-text__content\">\n<p class=\"has-accent-2-color has-text-color has-normal-font-size\">JUSTIFIER DE L\u2019APTITUDE PROFESSIONNELLE DE TOUS LES DIRIGEANTS ET ASSOCI\u00c9S<\/p>\n<\/div><\/div>\n\n\n\n<p>M. Christophe Popovitch repr\u00e9sente la soci\u00e9t\u00e9 GUYANE AGRICOLE membre de l\u2019ANACOFI N\u00b0 E009422. A la suite de ses nombreuses visites en Guyane, M. Popovitch noue d\u2019\u00e9troites relations avec ses partenaires guyanais, tout particuli\u00e8rement avec la communaut\u00e9 Hmong. La soci\u00e9t\u00e9 GUYANE AGRICOLE cr\u00e9\u00e9e fin 2016 d\u00e9cide de lancer sa propre offre de d\u00e9fiscalisation en Girardin agricole.<\/p>\n\n\n\n<hr class=\"wp-block-separator is-style-wide\"\/>\n\n\n\n<div class=\"wp-block-media-text alignwide is-stacked-on-mobile\" style=\"grid-template-columns:15% auto\"><figure class=\"wp-block-media-text__media\"><img loading=\"lazy\" width=\"95\" height=\"122\" src=\"http:\/\/guyane-agricole.com\/wp-content\/uploads\/2023\/03\/impaye.png\" alt=\"\" class=\"wp-image-455 size-full\"\/><\/figure><div class=\"wp-block-media-text__content\">\n<p class=\"has-accent-2-color has-text-color has-normal-font-size\"> \u00caTRE A JOUR DE SES OBLIGATIONS FISCALES ET SOCIALES <\/p>\n<\/div><\/div>\n\n\n\n<p>La soci\u00e9t\u00e9 GUYANE AGRICOLE, immatricul\u00e9e au registre du commerce et des soci\u00e9t\u00e9s de Paris le 23\/12\/2016 sous le num\u00e9ro 824 560 965, est \u00e0 jour de ses obligations fiscales et sociales.<\/p>\n\n\n\n<hr class=\"wp-block-separator is-style-wide\"\/>\n\n\n\n<div class=\"wp-block-media-text alignwide is-stacked-on-mobile\" style=\"grid-template-columns:15% auto\"><figure class=\"wp-block-media-text__media\"><img loading=\"lazy\" width=\"95\" height=\"122\" src=\"http:\/\/guyane-agricole.com\/wp-content\/uploads\/2023\/03\/garanties-travaux.png\" alt=\"\" class=\"wp-image-441 size-full\"\/><\/figure><div class=\"wp-block-media-text__content\">\n<p class=\"has-accent-2-color has-text-color has-normal-font-size\"> NOTRE GARANTIE RESPONSABILIT\u00c9 CIVILE PROFESSIONNELLE  <\/p>\n<\/div><\/div>\n\n\n\n<p>Votre investissement est prot\u00e9g\u00e9 par une assurance en responsabilit\u00e9 civile professionnelle. Le montant de la garantie par p\u00e9riode d\u2019assurance et par sinistre s\u2019\u00e9l\u00e8ve \u00e0 750.000\u20ac.<\/p>\n\n\n\n<hr class=\"wp-block-separator is-style-wide\"\/>\n\n\n\n<div class=\"wp-block-media-text alignwide is-stacked-on-mobile\" style=\"grid-template-columns:15% auto\"><figure class=\"wp-block-media-text__media\"><img loading=\"lazy\" width=\"95\" height=\"122\" src=\"http:\/\/guyane-agricole.com\/wp-content\/uploads\/2023\/03\/judiciaire.png\" alt=\"\" class=\"wp-image-478 size-full\"\/><\/figure><div class=\"wp-block-media-text__content\">\n<p class=\"has-accent-2-color has-text-color has-normal-font-size\">  PRESENTER POUR LE DIRIGEANT UN BULLETIN N\u00b03 DU CASIER JUDICIAIRE  <\/p>\n<\/div><\/div>\n\n\n\n<p>M. Christophe Popovitch a pr\u00e9sent\u00e9, en pr\u00e9fecture, en sa qualit\u00e9 de repr\u00e9sentant de la soci\u00e9t\u00e9 GUYANE AGRICOLE, un bulletin n\u00b03 du casier judiciaire vierge attestant de l\u2019absence de toutes condamnations..<\/p>\n\n\n\n<hr class=\"wp-block-separator is-style-wide\"\/>\n\n\n\n<div class=\"wp-block-media-text alignwide is-stacked-on-mobile\" style=\"grid-template-columns:15% auto\"><figure class=\"wp-block-media-text__media\"><img loading=\"lazy\" width=\"95\" height=\"122\" src=\"http:\/\/guyane-agricole.com\/wp-content\/uploads\/2023\/03\/Prefecture.png\" alt=\"\" class=\"wp-image-479 size-full\"\/><\/figure><div class=\"wp-block-media-text__content\">\n<p class=\"has-accent-2-color has-text-color has-normal-font-size\">  ENREGISTREMENT AUPR\u00c8S DE LA PR\u00c9F\u00c9CTURE  <\/p>\n<\/div><\/div>\n\n\n\n<p>Conform\u00e9ment aux dispositions du d\u00e9cret n\u00b02015-149 du 10 f\u00e9vrier 2015 et de l\u2019article 242 septies du Code G\u00e9n\u00e9ral des Imp\u00f4ts, la SAS GUYANE AGRICOLE en tant que monteur en d\u00e9fiscalisation outre-mer est enregistr\u00e9e au registre de la pr\u00e9fecture de Paris sous le num\u00e9ro 102023 075 005.<\/p>\n\n\n\n<hr class=\"wp-block-separator is-style-wide\"\/>\n\n\n\n<div class=\"wp-block-media-text alignwide is-stacked-on-mobile\" style=\"grid-template-columns:15% auto\"><figure class=\"wp-block-media-text__media\"><img loading=\"lazy\" width=\"95\" height=\"122\" src=\"http:\/\/guyane-agricole.com\/wp-content\/uploads\/2023\/03\/suivi-1.png\" alt=\"\" class=\"wp-image-480 size-full\"\/><\/figure><div class=\"wp-block-media-text__content\">\n<p class=\"has-accent-2-color has-text-color has-normal-font-size\">  CONTR\u00d4LE PAR UN COMMISSAIRE AUX COMPTES  <\/p>\n<\/div><\/div>\n\n\n\n<p>La SAS GUYANE AGRICOLE a mandat\u00e9 un Commissaire Aux Comptes titulaire afin de lui d\u00e9livrer annuellement une certification des comptes conform\u00e9ment \u00e0 la loi en vigueur.<\/p>\n\n\n\n<hr class=\"wp-block-separator is-style-wide\"\/>\n\n\n\n<div class=\"wp-block-media-text alignwide is-stacked-on-mobile\" style=\"grid-template-columns:15% auto\"><figure class=\"wp-block-media-text__media\"><img loading=\"lazy\" width=\"95\" height=\"122\" src=\"http:\/\/guyane-agricole.com\/wp-content\/uploads\/2023\/03\/charte.png\" alt=\"\" class=\"wp-image-481 size-full\"\/><\/figure><div class=\"wp-block-media-text__content\">\n<p class=\"has-accent-2-color has-text-color has-normal-font-size\"> PRESENTER UNE CHARTE DE D\u00c9ONTOLOGIE  <\/p>\n<\/div><\/div>\n\n\n\n<p>Vous trouverez un exemplaire de la charte de d\u00e9ontologie de la soci\u00e9t\u00e9 GUYANE AGRICOLE sur ce lien :&nbsp;<a href=\"http:\/\/192.168.100.195\/wordpress\/?page_id=347\">CHARTE DE D\u00c9ONTOLOGIE GUYANE AGRICOLE<\/a><\/p>\n\n\n\n<div style=\"height:100px\" aria-hidden=\"true\" class=\"wp-block-spacer\"><\/div>\n\n\n\n<figure class=\"wp-block-image size-full is-resized\"><img loading=\"lazy\" src=\"http:\/\/guyane-agricole.com\/wp-content\/uploads\/2023\/10\/bandeau-message-alerte-1.jpg\" alt=\"\" class=\"wp-image-1210\" width=\"435\" height=\"99\" srcset=\"https:\/\/guyane-agricole.com\/wp-content\/uploads\/2023\/10\/bandeau-message-alerte-1.jpg 869w, https:\/\/guyane-agricole.com\/wp-content\/uploads\/2023\/10\/bandeau-message-alerte-1-300x68.jpg 300w, https:\/\/guyane-agricole.com\/wp-content\/uploads\/2023\/10\/bandeau-message-alerte-1-768x174.jpg 768w, https:\/\/guyane-agricole.com\/wp-content\/uploads\/2023\/10\/bandeau-message-alerte-1-359x81.jpg 359w\" sizes=\"(max-width: 435px) 100vw, 435px\" \/><\/figure>\n\n\n\n<p style=\"font-size:18px\"><strong><em>Tout investissement quel qu\u2019il soit comporte toujours un risque significatif de requalification fiscale. Le risque est la perte de l\u2019int\u00e9gralit\u00e9 de votre investissement major\u00e9e de l\u2019avantage fiscal re\u00e7u et d\u2019\u00e9ventuelles p\u00e9nalit\u00e9s et\/ou amendes. De ce fait, tout investisseur doit s\u2019assurer au pr\u00e9alable que ses ressources financi\u00e8res seront suffisantes pour lui permettre d\u2019assumer ce risque. Le risque de requalification fiscale expire \u00e0 l\u2019issue de la p\u00e9riode minimale de conservation des titres de 5 ans.<\/em><\/strong><\/p>\n\n\n\n<figure class=\"wp-block-image size-large\"><img loading=\"lazy\" width=\"1024\" height=\"678\" src=\"https:\/\/guyane-agricole.com\/wp-content\/uploads\/2023\/06\/Woodhat-equilibre-1024x678.jpg\" alt=\"\" class=\"wp-image-1116\" srcset=\"https:\/\/guyane-agricole.com\/wp-content\/uploads\/2023\/06\/Woodhat-equilibre-1024x678.jpg 1024w, https:\/\/guyane-agricole.com\/wp-content\/uploads\/2023\/06\/Woodhat-equilibre-300x199.jpg 300w, https:\/\/guyane-agricole.com\/wp-content\/uploads\/2023\/06\/Woodhat-equilibre-768x509.jpg 768w, https:\/\/guyane-agricole.com\/wp-content\/uploads\/2023\/06\/Woodhat-equilibre-1536x1018.jpg 1536w, https:\/\/guyane-agricole.com\/wp-content\/uploads\/2023\/06\/Woodhat-equilibre-359x238.jpg 359w, https:\/\/guyane-agricole.com\/wp-content\/uploads\/2023\/06\/Woodhat-equilibre.jpg 1920w\" sizes=\"(max-width: 1024px) 100vw, 1024px\" \/><\/figure>\n","protected":false},"excerpt":{"rendered":"<p>JUSTIFIER DE L\u2019APTITUDE PROFESSIONNELLE DE TOUS LES DIRIGEANTS ET ASSOCI\u00c9S M. Christophe Popovitch repr\u00e9sente la soci\u00e9t\u00e9 GUYANE AGRICOLE membre&#8230;<\/p>\n","protected":false},"author":1,"featured_media":360,"parent":0,"menu_order":0,"comment_status":"closed","ping_status":"closed","template":"","meta":[],"_links":{"self":[{"href":"https:\/\/guyane-agricole.com\/index.php?rest_route=\/wp\/v2\/pages\/339"}],"collection":[{"href":"https:\/\/guyane-agricole.com\/index.php?rest_route=\/wp\/v2\/pages"}],"about":[{"href":"https:\/\/guyane-agricole.com\/index.php?rest_route=\/wp\/v2\/types\/page"}],"author":[{"embeddable":true,"href":"https:\/\/guyane-agricole.com\/index.php?rest_route=\/wp\/v2\/users\/1"}],"replies":[{"embeddable":true,"href":"https:\/\/guyane-agricole.com\/index.php?rest_route=%2Fwp%2Fv2%2Fcomments&post=339"}],"version-history":[{"count":24,"href":"https:\/\/guyane-agricole.com\/index.php?rest_route=\/wp\/v2\/pages\/339\/revisions"}],"predecessor-version":[{"id":1740,"href":"https:\/\/guyane-agricole.com\/index.php?rest_route=\/wp\/v2\/pages\/339\/revisions\/1740"}],"wp:featuredmedia":[{"embeddable":true,"href":"https:\/\/guyane-agricole.com\/index.php?rest_route=\/wp\/v2\/media\/360"}],"wp:attachment":[{"href":"https:\/\/guyane-agricole.com\/index.php?rest_route=%2Fwp%2Fv2%2Fmedia&parent=339"}],"curies":[{"name":"wp","href":"https:\/\/api.w.org\/{rel}","templated":true}]}}