{"id":329,"date":"2023-02-27T14:17:36","date_gmt":"2023-02-27T13:17:36","guid":{"rendered":"http:\/\/192.168.100.195\/wordpress\/?page_id=329"},"modified":"2024-01-11T10:04:27","modified_gmt":"2024-01-11T09:04:27","slug":"cas-pratique","status":"publish","type":"page","link":"https:\/\/guyane-agricole.com\/?page_id=329","title":{"rendered":"Cas pratique"},"content":{"rendered":"\n<h4>R\u00c9ALISATION DE L\u2019OP\u00c9RATION D\u2019INVESTISSEMENT ET RENTABILIT\u00c9 POUR L&rsquo;INVESTISSEUR<\/h4>\n\n\n\n<h4>Flux financiers<\/h4>\n\n\n\n<figure class=\"wp-block-table\"><table><tbody><tr><\/tr><tr><td>Bien productif \u00e0 financer<\/td><td class=\"has-text-align-right\" data-align=\"right\"><strong>250.000 \u20ac<\/strong><\/td><\/tr><tr><td>R\u00e9duction d\u2019imp\u00f4t correspondante (52,95% du bien productif)<\/td><td class=\"has-text-align-right\" data-align=\"right\"><strong>132.375 \u20ac<\/strong><\/td><\/tr><tr><td>Apport financier des investisseurs:<br>Souscription effectu\u00e9e lors du premier semestre (79% de la r\u00e9duction d\u2019imp\u00f4t)<br>Souscription effectu\u00e9e lors du second semestre (82% de la r\u00e9duction d\u2019imp\u00f4t)<\/td><td class=\"has-text-align-right\" data-align=\"right\"><br><strong>104.576,25 \u20ac<\/strong><br><strong>108.547,50 \u20ac<\/strong><\/td><\/tr><tr><td>R\u00e9trocession exploitant (56 % de la r\u00e9duction d\u2019imp\u00f4t)<\/td><td class=\"has-text-align-right\" data-align=\"right\"><strong>74.130 \u20ac<\/strong><\/td><\/tr><\/tbody><\/table><\/figure>\n\n\n\n<hr class=\"wp-block-separator\"\/>\n\n\n\n<h4>Plan de financement<\/h4>\n\n\n\n<figure class=\"wp-block-table\"><table><tbody><tr><\/tr><tr><td>R\u00e9trocession exploitant (56% de la r\u00e9duction d\u2019imp\u00f4t)<\/td><td class=\"has-text-align-right\" data-align=\"right\"><strong>74.130 \u20ac<\/strong><\/td><\/tr><tr><td>Cr\u00e9dit vendeur sur 5 ans pay\u00e9s par compensation par les loyers<\/td><td class=\"has-text-align-right\" data-align=\"right\"><strong>175.870 \u20ac<\/strong><\/td><\/tr><tr><td>Valeur totale du bien productif financ\u00e9 par la SAS HMONG AGRICOLE<\/td><td class=\"has-text-align-right\" data-align=\"right\"><strong>250.000 \u20ac<\/strong><\/td><\/tr><\/tbody><\/table><\/figure>\n\n\n\n<hr class=\"wp-block-separator\"\/>\n\n\n\n<p><\/p>\n\n\n\n<h4>Rentabilit\u00e9 <\/h4>\n\n\n\n<div class=\"wp-block-columns\">\n<div class=\"wp-block-column\" style=\"flex-basis:100%\">\n<figure class=\"wp-block-table is-style-stripes\"><table><tbody><tr><td><\/td><td class=\"has-text-align-center\" data-align=\"center\"><strong>Premier semestre<\/strong><\/td><td class=\"has-text-align-center\" data-align=\"center\"><strong>Second semestre<\/strong><\/td><\/tr><tr><td>R\u00e9duction d\u2019imp\u00f4t souhait\u00e9e :<\/td><td class=\"has-text-align-center\" data-align=\"center\">25 000\u20ac<\/td><td class=\"has-text-align-center\" data-align=\"center\">25 000\u20ac<\/td><\/tr><tr><td>Somme \u00e0 investir :<\/td><td class=\"has-text-align-center\" data-align=\"center\">19 750\u20ac<br><h9><em>79% de la r\u00e9duction d\u2019imp\u00f4t souhait\u00e9e<\/em><\/h9><\/td><td class=\"has-text-align-center\" data-align=\"center\">20 500\u20ac<br><h9><em>82% de la r\u00e9duction d\u2019imp\u00f4t souhait\u00e9e<\/em><\/h9><\/td><\/tr><tr><td>Gain en pouvoir d\u2019achat imm\u00e9diat :<\/td><td class=\"has-text-align-center\" data-align=\"center\">5 250\u20ac<\/td><td class=\"has-text-align-center\" data-align=\"center\">4 500\u20ac<\/td><\/tr><tr><td>Rentabilit\u00e9 de l\u2019op\u00e9ration :<\/td><td class=\"has-text-align-center\" data-align=\"center\">26,5%<\/td><td class=\"has-text-align-center\" data-align=\"center\">21,9%<\/td><\/tr><\/tbody><\/table><\/figure>\n<\/div>\n<\/div>\n\n\n\n<figure class=\"wp-block-image size-full is-resized\"><img loading=\"lazy\" src=\"http:\/\/guyane-agricole.com\/wp-content\/uploads\/2023\/10\/bandeau-message-alerte-1.jpg\" alt=\"\" class=\"wp-image-1210\" width=\"435\" height=\"99\" srcset=\"https:\/\/guyane-agricole.com\/wp-content\/uploads\/2023\/10\/bandeau-message-alerte-1.jpg 869w, https:\/\/guyane-agricole.com\/wp-content\/uploads\/2023\/10\/bandeau-message-alerte-1-300x68.jpg 300w, https:\/\/guyane-agricole.com\/wp-content\/uploads\/2023\/10\/bandeau-message-alerte-1-768x174.jpg 768w, https:\/\/guyane-agricole.com\/wp-content\/uploads\/2023\/10\/bandeau-message-alerte-1-359x81.jpg 359w\" sizes=\"(max-width: 435px) 100vw, 435px\" \/><figcaption><strong><em>Tout investissement quel qu\u2019il soit comporte toujours un risque significatif de requalification fiscale. Le risque est la perte de l\u2019int\u00e9gralit\u00e9 de votre investissement major\u00e9e de l\u2019avantage fiscal re\u00e7u et d\u2019\u00e9ventuelles p\u00e9nalit\u00e9s et\/ou amendes. De ce fait, tout investisseur doit s\u2019assurer au pr\u00e9alable que ses ressources financi\u00e8res seront suffisantes pour lui permettre d\u2019assumer ce risque. Le risque de requalification fiscale expire \u00e0 l\u2019issue de la p\u00e9riode minimale de conservation des titres de 5 ans.<\/em><\/strong><\/figcaption><\/figure>\n\n\n\n<figure class=\"wp-block-image size-large\"><img loading=\"lazy\" width=\"1024\" height=\"673\" src=\"https:\/\/guyane-agricole.com\/wp-content\/uploads\/2023\/06\/woodhat-tirelire5-4-1024x673.jpg\" alt=\"\" class=\"wp-image-1111\" srcset=\"https:\/\/guyane-agricole.com\/wp-content\/uploads\/2023\/06\/woodhat-tirelire5-4-1024x673.jpg 1024w, https:\/\/guyane-agricole.com\/wp-content\/uploads\/2023\/06\/woodhat-tirelire5-4-300x197.jpg 300w, https:\/\/guyane-agricole.com\/wp-content\/uploads\/2023\/06\/woodhat-tirelire5-4-768x505.jpg 768w, https:\/\/guyane-agricole.com\/wp-content\/uploads\/2023\/06\/woodhat-tirelire5-4-1536x1010.jpg 1536w, https:\/\/guyane-agricole.com\/wp-content\/uploads\/2023\/06\/woodhat-tirelire5-4-359x236.jpg 359w, https:\/\/guyane-agricole.com\/wp-content\/uploads\/2023\/06\/woodhat-tirelire5-4.jpg 1920w\" sizes=\"(max-width: 1024px) 100vw, 1024px\" \/><\/figure>\n","protected":false},"excerpt":{"rendered":"<p>R\u00c9ALISATION DE L\u2019OP\u00c9RATION D\u2019INVESTISSEMENT ET RENTABILIT\u00c9 POUR L&rsquo;INVESTISSEUR Flux financiers Bien productif \u00e0 financer 250.000 \u20ac R\u00e9duction d\u2019imp\u00f4t correspondante&#8230;<\/p>\n","protected":false},"author":1,"featured_media":336,"parent":0,"menu_order":0,"comment_status":"closed","ping_status":"closed","template":"","meta":[],"_links":{"self":[{"href":"https:\/\/guyane-agricole.com\/index.php?rest_route=\/wp\/v2\/pages\/329"}],"collection":[{"href":"https:\/\/guyane-agricole.com\/index.php?rest_route=\/wp\/v2\/pages"}],"about":[{"href":"https:\/\/guyane-agricole.com\/index.php?rest_route=\/wp\/v2\/types\/page"}],"author":[{"embeddable":true,"href":"https:\/\/guyane-agricole.com\/index.php?rest_route=\/wp\/v2\/users\/1"}],"replies":[{"embeddable":true,"href":"https:\/\/guyane-agricole.com\/index.php?rest_route=%2Fwp%2Fv2%2Fcomments&post=329"}],"version-history":[{"count":31,"href":"https:\/\/guyane-agricole.com\/index.php?rest_route=\/wp\/v2\/pages\/329\/revisions"}],"predecessor-version":[{"id":1494,"href":"https:\/\/guyane-agricole.com\/index.php?rest_route=\/wp\/v2\/pages\/329\/revisions\/1494"}],"wp:featuredmedia":[{"embeddable":true,"href":"https:\/\/guyane-agricole.com\/index.php?rest_route=\/wp\/v2\/media\/336"}],"wp:attachment":[{"href":"https:\/\/guyane-agricole.com\/index.php?rest_route=%2Fwp%2Fv2%2Fmedia&parent=329"}],"curies":[{"name":"wp","href":"https:\/\/api.w.org\/{rel}","templated":true}]}}