{"id":266,"date":"2023-02-27T09:50:42","date_gmt":"2023-02-27T08:50:42","guid":{"rendered":"http:\/\/192.168.100.195\/wordpress\/?page_id=266"},"modified":"2026-04-03T16:22:29","modified_gmt":"2026-04-03T14:22:29","slug":"procedure-dinvestissement","status":"publish","type":"page","link":"https:\/\/guyane-agricole.com\/?page_id=266","title":{"rendered":"Procedure d&rsquo;investissement"},"content":{"rendered":"\n<h2>Un investissement transparent<\/h2>\n\n\n\n<div style=\"height:22px\" aria-hidden=\"true\" class=\"wp-block-spacer\"><\/div>\n\n\n\n<p>L\u2019investisseur contacte son Conseil en Investissements Financiers qui lui pr\u00e9sente l\u2019offre GUYANE AGRICOLE et d\u00e9termine avec lui le montant de la r\u00e9duction d\u2019imp\u00f4t dont il pourrait b\u00e9n\u00e9ficier. Ce conseiller est l\u2019interlocuteur direct de GUYANE AGRICOLE.<\/p>\n\n\n\n<p><br>L\u2019investisseur prend connaissance et signe la \u00ab Notice \u00bb pr\u00e9sentant les principales caract\u00e9ristiques de l\u2019offre GUYANE AGRICOLE pour une parfaite transparence entre les diff\u00e9rentes parties.<br><br>GUYANE AGRICOLE cr\u00e9e un ensemble de SAS (HMONG AGRICOLE) qui permettra d\u2019int\u00e9grer les souscriptions. Cet apport financier \u00e0 fonds perdus des investisseurs, leur permettra de b\u00e9n\u00e9ficier d\u2019une r\u00e9duction d\u2019imp\u00f4t pour l\u2019ann\u00e9e suivante.<\/p>\n\n\n\n<div style=\"height:1px\" aria-hidden=\"true\" class=\"wp-block-spacer\"><\/div>\n\n\n\n<h5 class=\"has-accent-1-color has-text-color has-large-font-size\">SH\u00c9MA D&rsquo;INVESTISSEMENT<\/h5>\n\n\n\n<figure class=\"wp-block-image size-large\"><img loading=\"lazy\" width=\"636\" height=\"1024\" src=\"http:\/\/guyane-agricole.com\/wp-content\/uploads\/2026\/01\/schema-investissement-vertical-sans-souscription-minimale-sans-SAS-V2-636x1024.jpg\" alt=\"\" class=\"wp-image-1829\" srcset=\"https:\/\/guyane-agricole.com\/wp-content\/uploads\/2026\/01\/schema-investissement-vertical-sans-souscription-minimale-sans-SAS-V2-636x1024.jpg 636w, https:\/\/guyane-agricole.com\/wp-content\/uploads\/2026\/01\/schema-investissement-vertical-sans-souscription-minimale-sans-SAS-V2-186x300.jpg 186w, https:\/\/guyane-agricole.com\/wp-content\/uploads\/2026\/01\/schema-investissement-vertical-sans-souscription-minimale-sans-SAS-V2-768x1236.jpg 768w, https:\/\/guyane-agricole.com\/wp-content\/uploads\/2026\/01\/schema-investissement-vertical-sans-souscription-minimale-sans-SAS-V2-955x1536.jpg 955w, https:\/\/guyane-agricole.com\/wp-content\/uploads\/2026\/01\/schema-investissement-vertical-sans-souscription-minimale-sans-SAS-V2-155x250.jpg 155w, https:\/\/guyane-agricole.com\/wp-content\/uploads\/2026\/01\/schema-investissement-vertical-sans-souscription-minimale-sans-SAS-V2.jpg 1171w\" sizes=\"(max-width: 636px) 100vw, 636px\" \/><\/figure>\n\n\n\n<div style=\"height:32px\" aria-hidden=\"true\" class=\"wp-block-spacer\"><\/div>\n\n\n\n<hr class=\"wp-block-separator\"\/>\n\n\n\n<div style=\"height:31px\" aria-hidden=\"true\" class=\"wp-block-spacer\"><\/div>\n\n\n\n<figure class=\"wp-block-image size-full\"><img loading=\"lazy\" width=\"1000\" height=\"352\" src=\"http:\/\/guyane-agricole.com\/wp-content\/uploads\/2023\/02\/piste-saul.jpg\" alt=\"\" class=\"wp-image-286\" srcset=\"https:\/\/guyane-agricole.com\/wp-content\/uploads\/2023\/02\/piste-saul.jpg 1000w, https:\/\/guyane-agricole.com\/wp-content\/uploads\/2023\/02\/piste-saul-300x106.jpg 300w, https:\/\/guyane-agricole.com\/wp-content\/uploads\/2023\/02\/piste-saul-768x270.jpg 768w, https:\/\/guyane-agricole.com\/wp-content\/uploads\/2023\/02\/piste-saul-359x126.jpg 359w\" sizes=\"(max-width: 1000px) 100vw, 1000px\" \/><\/figure>\n\n\n\n<p>WIND CONSULTING va identifier les dossiers d\u2019investissement aupr\u00e8s des exploitants sur place et faire le lien entre ses partenaires exploitants et GUYANE AGRICOLE avec une solution compl\u00e8te et sur-mesure de back-office des investissements agricoles \u00e9ligibles \u00e0 la loi Girardin, uniquement en Guyane. La mission d\u2019accompagnement se d\u00e9roule en 5 \u00e9tapes, de la gen\u00e8se du projet \u00e0 son apog\u00e9e, offrant ainsi \u00e0 ses partenaires exploitants et aux investisseurs un accompagnement durant toute la dur\u00e9e de l\u2019investissement.<\/p>\n\n\n\n<p><strong>\u00c9tape 1 : Dossier de financement<\/strong><br>R\u00e9ception du dossier de financement de l\u2019exploitant agricole pour \u00e9tude et v\u00e9rification des pi\u00e8ces.<br>Validation de la coh\u00e9rence des travaux,<\/p>\n\n\n\n<p><strong>Etape 2 : Programmation<\/strong><br>Programmation des diff\u00e9rentes v\u00e9rifications et suivis jusqu\u2019\u00e0 l\u2019ach\u00e8vement des travaux avec r\u00e9ception des photos envoy\u00e9es par l\u2019exploitant, la validation par GUYANE AGRICOLE et le constat d\u2019un g\u00e9om\u00e8treexpert,<\/p>\n\n\n\n<p><strong>Etape 3 : R\u00e9ception dossier client<\/strong><br>R\u00e9ception des diff\u00e9rents documents et pi\u00e8ces de l\u2019investisseur n\u00e9cessaires \u00e0 la compl\u00e9tude de son dossier.<br>L\u2019investisseur fait son apport sur le compte GUYANE AGRICOLE, qui confirme \u00e0 l\u2019investisseur par courrier ou email la bonne r\u00e9ception des fonds,<\/p>\n\n\n\n<p><strong>Etape 4 : R\u00e9trocession<\/strong><br>Validation du dossier de l\u2019exploitant pour r\u00e9trocession des fonds \u00e0 l\u2019exploitant directement par GUYANE AGRICOLE. Avant le 31\/12, GUYANE AGRICOLE constate par proc\u00e8s-verbal l\u2019investissement des clients aux augmentations de capital des SAS,<\/p>\n\n\n\n<p><strong>Etape 5 : Attestation ann\u00e9e n+1<\/strong><br>GUYANE AGRICOLE transmet durant le mois d\u2019avril l\u2019attestation d\u00e9taill\u00e9e qui accompagnera la d\u00e9claration de revenus de l\u2019investisseur,<\/p>\n\n\n\n<p style=\"font-size:em\"><strong>Etape 6 : Assistance<\/strong><br>Assistance aupr\u00e8s de l\u2019exploitant et de l\u2019investisseur durant les 5 ann\u00e9es de d\u00e9tention du bien en location. La r\u00e9duction d\u2019imp\u00f4t sera effective \u00e0 100% en N+1.<br><em>Pour rappel, l\u2019investisseur devra conserver ses actions pour une dur\u00e9e minimale de <strong>5<\/strong> ans.<\/em><\/p>\n\n\n\n<div style=\"height:100px\" aria-hidden=\"true\" class=\"wp-block-spacer\"><\/div>\n\n\n\n<div class=\"wp-block-image\"><figure class=\"aligncenter size-full is-resized\"><img loading=\"lazy\" src=\"http:\/\/guyane-agricole.com\/wp-content\/uploads\/2025\/10\/woodhatV2.png\" alt=\"\" class=\"wp-image-1820\" width=\"241\" height=\"166\"\/><\/figure><\/div>\n","protected":false},"excerpt":{"rendered":"<p>Un investissement transparent L\u2019investisseur contacte son Conseil en Investissements Financiers qui lui pr\u00e9sente l\u2019offre GUYANE AGRICOLE et d\u00e9termine avec&#8230;<\/p>\n","protected":false},"author":1,"featured_media":28,"parent":0,"menu_order":0,"comment_status":"closed","ping_status":"closed","template":"","meta":[],"_links":{"self":[{"href":"https:\/\/guyane-agricole.com\/index.php?rest_route=\/wp\/v2\/pages\/266"}],"collection":[{"href":"https:\/\/guyane-agricole.com\/index.php?rest_route=\/wp\/v2\/pages"}],"about":[{"href":"https:\/\/guyane-agricole.com\/index.php?rest_route=\/wp\/v2\/types\/page"}],"author":[{"embeddable":true,"href":"https:\/\/guyane-agricole.com\/index.php?rest_route=\/wp\/v2\/users\/1"}],"replies":[{"embeddable":true,"href":"https:\/\/guyane-agricole.com\/index.php?rest_route=%2Fwp%2Fv2%2Fcomments&post=266"}],"version-history":[{"count":32,"href":"https:\/\/guyane-agricole.com\/index.php?rest_route=\/wp\/v2\/pages\/266\/revisions"}],"predecessor-version":[{"id":1836,"href":"https:\/\/guyane-agricole.com\/index.php?rest_route=\/wp\/v2\/pages\/266\/revisions\/1836"}],"wp:featuredmedia":[{"embeddable":true,"href":"https:\/\/guyane-agricole.com\/index.php?rest_route=\/wp\/v2\/media\/28"}],"wp:attachment":[{"href":"https:\/\/guyane-agricole.com\/index.php?rest_route=%2Fwp%2Fv2%2Fmedia&parent=266"}],"curies":[{"name":"wp","href":"https:\/\/api.w.org\/{rel}","templated":true}]}}