{"id":253,"date":"2023-02-24T15:48:23","date_gmt":"2023-02-24T14:48:23","guid":{"rendered":"http:\/\/192.168.100.195\/wordpress\/?page_id=253"},"modified":"2025-05-06T11:01:09","modified_gmt":"2025-05-06T09:01:09","slug":"les-hmong","status":"publish","type":"page","link":"https:\/\/guyane-agricole.com\/?page_id=253","title":{"rendered":"Les Hmong"},"content":{"rendered":"\n<h2>ORIGINES<\/h2>\n\n\n\n<figure class=\"wp-block-image size-large\"><img loading=\"lazy\" width=\"1024\" height=\"361\" src=\"http:\/\/guyane-agricole.com\/wp-content\/uploads\/2023\/05\/landscape-nature-grass-mountain-1024x361.jpg\" alt=\"\" class=\"wp-image-1049\" srcset=\"https:\/\/guyane-agricole.com\/wp-content\/uploads\/2023\/05\/landscape-nature-grass-mountain-1024x361.jpg 1024w, https:\/\/guyane-agricole.com\/wp-content\/uploads\/2023\/05\/landscape-nature-grass-mountain-300x106.jpg 300w, https:\/\/guyane-agricole.com\/wp-content\/uploads\/2023\/05\/landscape-nature-grass-mountain-768x271.jpg 768w, https:\/\/guyane-agricole.com\/wp-content\/uploads\/2023\/05\/landscape-nature-grass-mountain-1536x542.jpg 1536w, https:\/\/guyane-agricole.com\/wp-content\/uploads\/2023\/05\/landscape-nature-grass-mountain-2048x722.jpg 2048w, https:\/\/guyane-agricole.com\/wp-content\/uploads\/2023\/05\/landscape-nature-grass-mountain-359x127.jpg 359w\" sizes=\"(max-width: 1024px) 100vw, 1024px\" \/><\/figure>\n\n\n\n<p>Les Hmong sont un groupe ethnique originaire des montagnes du Laos, de la Chine et du Vietnam. Ils ont \u00e9t\u00e9 contraints de fuir leur pays d&rsquo;origine dans les ann\u00e9es 1970 en raison des conflits politiques et des pers\u00e9cutions.  B\u00e9n\u00e9ficiaires du statut de r\u00e9fugi\u00e9s politiques octroy\u00e9 par le Haut Commissariat des Nations-Unies, un grand nombre d&rsquo;entre eux a trouv\u00e9 refuge en France, notamment en Guyane, o\u00f9 ils se sont install\u00e9s et ont commenc\u00e9 une nouvelle vie. <\/p>\n\n\n\n<p>D&rsquo;abord accueillis dans des camps de r\u00e9fugi\u00e9s, les Hmong ont v\u00e9cu dans des conditions pr\u00e9caires pendant plusieurs ann\u00e9es. Leur communaut\u00e9 \u00e9tant principalement compos\u00e9e d&rsquo;agriculteurs et d&rsquo;\u00e9leveurs, ils ont rapidement commenc\u00e9 \u00e0 cultiver la terre pour subvenir \u00e0 leurs besoins. Cependant, ils ont d\u00fb faire face \u00e0 des d\u00e9fis importants, notamment le climat chaud et humide et le manque de terres cultivables. Au fil des ans, les Hmong ont fait preuve d&rsquo;une grande r\u00e9silience et d&rsquo;une volont\u00e9 de s&rsquo;adapter \u00e0 leur nouvel environnement. Ils ont appris la langue fran\u00e7aise, se sont familiaris\u00e9s avec la culture locale et ont commenc\u00e9 \u00e0 cultiver la terre de mani\u00e8re plus efficace. En d\u00e9pit de sols pauvres, ingrats \u00e0 travailler, les familles s\u2019organisent et vendent leurs produits sur les march\u00e9s. Aujourd&rsquo;hui, les Hmong sont devenus les principaux producteurs de fruits et l\u00e9gumes en Guyane, fournissant chaque semaine 60 tonnes de l\u00e9gumes sur le march\u00e9 de Cayenne. Ils ont r\u00e9ussi \u00e0 s&rsquo;int\u00e9grer dans la soci\u00e9t\u00e9 guyanaise tout en pr\u00e9servant leur culture ainsi que leurs traditions et leur contribution \u00e0 l&rsquo;\u00e9conomie guyanaise est essentielle.<\/p>\n\n\n\n<p>Les Hmong de Guyane cultivent une grande vari\u00e9t\u00e9 de cultures, dont le manioc, le riz, les fruits et les l\u00e9gumes. L&rsquo;agriculture est au c\u0153ur de leur communaut\u00e9, et ils ont d\u00e9velopp\u00e9 des techniques agricoles uniques qui leur permettent de survivre dans des environnements difficiles. Par exemple, ils pratiquent la culture itin\u00e9rante, qui consiste \u00e0 cultiver une parcelle de terre pendant une p\u00e9riode donn\u00e9e, puis \u00e0 la laisser en jach\u00e8re pendant plusieurs ann\u00e9es pour permettre au sol de se r\u00e9g\u00e9n\u00e9rer. Cette m\u00e9thode de culture durable a permis aux Hmong de pr\u00e9server leur environnement et leur mode de vie.<\/p>\n\n\n\n<figure class=\"wp-block-image size-large\"><img loading=\"lazy\" width=\"1024\" height=\"576\" src=\"http:\/\/guyane-agricole.com\/wp-content\/uploads\/2023\/03\/cover-1024x576.jpg\" alt=\"\" class=\"wp-image-386\" srcset=\"https:\/\/guyane-agricole.com\/wp-content\/uploads\/2023\/03\/cover-1024x576.jpg 1024w, https:\/\/guyane-agricole.com\/wp-content\/uploads\/2023\/03\/cover-300x169.jpg 300w, https:\/\/guyane-agricole.com\/wp-content\/uploads\/2023\/03\/cover-768x432.jpg 768w, https:\/\/guyane-agricole.com\/wp-content\/uploads\/2023\/03\/cover-1536x864.jpg 1536w, https:\/\/guyane-agricole.com\/wp-content\/uploads\/2023\/03\/cover-359x202.jpg 359w, https:\/\/guyane-agricole.com\/wp-content\/uploads\/2023\/03\/cover.jpg 1920w\" sizes=\"(max-width: 1024px) 100vw, 1024px\" \/><\/figure>\n\n\n\n<p>Malgr\u00e9 leur contribution \u00e0 l&rsquo;agriculture en Guyane, les Hmong ont souvent \u00e9t\u00e9 confront\u00e9s \u00e0 des difficult\u00e9s. En raison de leur statut d&rsquo;immigrants, ils ont souvent \u00e9t\u00e9 victimes de discrimination et d&rsquo;exclusion sociale. De plus, la pression exerc\u00e9e par l&rsquo;industrie mini\u00e8re, l&rsquo;expansion urbaine et la d\u00e9forestation ont r\u00e9duit les terres agricoles disponibles pour les Hmong, mena\u00e7ant ainsi leur mode de vie traditionnel.<\/p>\n\n\n\n<p>Face \u00e0 ces d\u00e9fis, les Hmong ont adopt\u00e9 une approche r\u00e9siliente et innovante pour pr\u00e9server leur mode de vie et leur culture. Ils ont cr\u00e9\u00e9 des coop\u00e9ratives agricoles pour augmenter leur production et leur visibilit\u00e9 sur les march\u00e9s locaux, et ont \u00e9galement d\u00e9velopp\u00e9 des projets \u00e9cotouristiques pour partager leur culture avec les visiteurs. Les Hmong de Guyane ont \u00e9galement travaill\u00e9 avec des organisations internationales pour prot\u00e9ger leurs terres et leur environnement.<\/p>\n\n\n\n<p>Les agriculteurs Hmong de Guyane sont un exemple de la fa\u00e7on dont les communaut\u00e9s autochtones peuvent maintenir leurs traditions et leur mode de vie tout en s&rsquo;adaptant aux d\u00e9fis modernes. Leur agriculture durable et leur engagement en faveur de la protection de l&rsquo;environnement peuvent servir d&rsquo;exemple pour les g\u00e9n\u00e9rations futures et inspirer d&rsquo;autres communaut\u00e9s autochtones \u00e0 travers le monde.<\/p>\n\n\n\n<figure class=\"wp-block-image size-full\"><img loading=\"lazy\" width=\"994\" height=\"339\" src=\"http:\/\/guyane-agricole.com\/wp-content\/uploads\/2023\/03\/Hmong1.jpg\" alt=\"\" class=\"wp-image-381\" srcset=\"https:\/\/guyane-agricole.com\/wp-content\/uploads\/2023\/03\/Hmong1.jpg 994w, https:\/\/guyane-agricole.com\/wp-content\/uploads\/2023\/03\/Hmong1-300x102.jpg 300w, https:\/\/guyane-agricole.com\/wp-content\/uploads\/2023\/03\/Hmong1-768x262.jpg 768w, https:\/\/guyane-agricole.com\/wp-content\/uploads\/2023\/03\/Hmong1-359x122.jpg 359w\" sizes=\"(max-width: 994px) 100vw, 994px\" \/><\/figure>\n\n\n\n<p>49 ans apr\u00e8s leur d\u00e9part du Laos, les Hmong sont bien int\u00e9gr\u00e9s dans le paysage guyanais et sont aujourd\u2019hui une fiert\u00e9 pour le territoire. Ils ont par leur travail et leur abn\u00e9gation, r\u00e9ussi \u00e0 surmonter toutes les difficult\u00e9s rencontr\u00e9es. Nous pouvons m\u00eame ajouter qu&rsquo;ils sont un mod\u00e8le d\u2019int\u00e9gration parfaitement r\u00e9ussi.<\/p>\n\n\n\n<figure class=\"wp-block-video\"><video controls poster=\"http:\/\/guyane-agricole.com\/wp-content\/uploads\/2023\/03\/Siong-lau.jpg\" src=\"http:\/\/guyane-agricole.com\/videos\/Interview-Lau-WorldMusic.mp4\"><\/video><figcaption><em>Interview de SIONG Lau, agriculteur Hmong partenaire de Guyane Agricole<\/em><\/figcaption><\/figure>\n","protected":false},"excerpt":{"rendered":"<p>ORIGINES Les Hmong sont un groupe ethnique originaire des montagnes du Laos, de la Chine et du Vietnam. Ils&#8230;<\/p>\n","protected":false},"author":1,"featured_media":257,"parent":0,"menu_order":0,"comment_status":"closed","ping_status":"closed","template":"","meta":[],"_links":{"self":[{"href":"https:\/\/guyane-agricole.com\/index.php?rest_route=\/wp\/v2\/pages\/253"}],"collection":[{"href":"https:\/\/guyane-agricole.com\/index.php?rest_route=\/wp\/v2\/pages"}],"about":[{"href":"https:\/\/guyane-agricole.com\/index.php?rest_route=\/wp\/v2\/types\/page"}],"author":[{"embeddable":true,"href":"https:\/\/guyane-agricole.com\/index.php?rest_route=\/wp\/v2\/users\/1"}],"replies":[{"embeddable":true,"href":"https:\/\/guyane-agricole.com\/index.php?rest_route=%2Fwp%2Fv2%2Fcomments&post=253"}],"version-history":[{"count":13,"href":"https:\/\/guyane-agricole.com\/index.php?rest_route=\/wp\/v2\/pages\/253\/revisions"}],"predecessor-version":[{"id":1770,"href":"https:\/\/guyane-agricole.com\/index.php?rest_route=\/wp\/v2\/pages\/253\/revisions\/1770"}],"wp:featuredmedia":[{"embeddable":true,"href":"https:\/\/guyane-agricole.com\/index.php?rest_route=\/wp\/v2\/media\/257"}],"wp:attachment":[{"href":"https:\/\/guyane-agricole.com\/index.php?rest_route=%2Fwp%2Fv2%2Fmedia&parent=253"}],"curies":[{"name":"wp","href":"https:\/\/api.w.org\/{rel}","templated":true}]}}