{"id":1808,"date":"2025-09-29T15:48:03","date_gmt":"2025-09-29T13:48:03","guid":{"rendered":"https:\/\/guyane-agricole.com\/?page_id=1808"},"modified":"2025-09-29T15:48:04","modified_gmt":"2025-09-29T13:48:04","slug":"mentions-legales","status":"publish","type":"page","link":"https:\/\/guyane-agricole.com\/?page_id=1808","title":{"rendered":"Mentions l\u00e9gales"},"content":{"rendered":"\n<p>GUYANE AGRICOLE<br>Soci\u00e9t\u00e9 par action simplifi\u00e9e au capital de 1.000 Euros &#8211; 824 560 965 R.C.S PARIS<br>Si\u00e8ge social : PARIS (75008) \u2013 97, boulevard Malesherbes<br>TVA intracommunautaire FR62824560965<br>T\u00e9l\u00e9phone : <em>01 41 29 04 35<\/em><br>Email : <a href=\"mailto:info@guyane-agricole.com\">info@guyane-agricole.com<\/a><br><br><\/p>\n\n\n\n<h2>H\u00e9bergement<\/h2>\n\n\n\n<p>Ce site est h\u00e9berg\u00e9 par :<br><strong>IONOS SARL<\/strong><br>7, place de la Gare \u2013 BP 70109<br>57201 Sarreguemines Cedex<br>France<br>T\u00e9l. : 0970 808 911 (appel non surtax\u00e9)<br>Site web : <a href=\"https:\/\/www.ionos.fr\" target=\"_blank\" rel=\"noreferrer noopener\">www.ionos.fr<\/a><\/p>\n\n\n\n<h2>Propri\u00e9t\u00e9 intellectuelle<\/h2>\n\n\n\n<p>L\u2019ensemble du contenu de ce site (textes, images, graphismes, logo, ic\u00f4nes, etc.) est la propri\u00e9t\u00e9 exclusive de GUYANE AGRICOLE, sauf mentions contraires. Toute reproduction, distribution, modification, adaptation, retransmission ou publication, m\u00eame partielle, est strictement interdite sans accord \u00e9crit pr\u00e9alable.<\/p>\n\n\n\n<h2>Responsabilit\u00e9<\/h2>\n\n\n\n<p>L\u2019\u00e9diteur du site s\u2019efforce de fournir des informations fiables et mises \u00e0 jour, mais ne saurait \u00eatre tenu pour responsable des erreurs, omissions ou indisponibilit\u00e9s. Les liens externes pr\u00e9sents sur ce site ne rel\u00e8vent pas de sa responsabilit\u00e9.<\/p>\n\n\n\n<h2>Donn\u00e9es personnelles<\/h2>\n\n\n\n<p>Conform\u00e9ment au R\u00e8glement G\u00e9n\u00e9ral sur la Protection des Donn\u00e9es (RGPD), vous disposez d\u2019un droit d\u2019acc\u00e8s, de rectification, d\u2019effacement et d\u2019opposition aux donn\u00e9es vous concernant. Pour exercer vos droits, contactez-nous \u00e0 :  <a href=\"mailto:info@guyane-agricole.com\">info@guyane-agricole.com<\/a> . Ce site utilise des cookies \u00e0 des fins de mesure d\u2019audience et d\u2019am\u00e9lioration de l\u2019exp\u00e9rience utilisateur.<\/p>\n\n\n\n<h2>Cr\u00e9dits<\/h2>\n\n\n\n<p>Conception &amp; d\u00e9veloppement : Emmanuel Clerget<br>Photographies : GUYANE AGRICOLE<br><\/p>\n\n\n\n<p><br><br><\/p>\n","protected":false},"excerpt":{"rendered":"<p>GUYANE AGRICOLESoci\u00e9t\u00e9 par action simplifi\u00e9e au capital de 1.000 Euros &#8211; 824 560 965 R.C.S PARISSi\u00e8ge social : PARIS&#8230;<\/p>\n","protected":false},"author":1,"featured_media":0,"parent":0,"menu_order":0,"comment_status":"closed","ping_status":"closed","template":"","meta":[],"_links":{"self":[{"href":"https:\/\/guyane-agricole.com\/index.php?rest_route=\/wp\/v2\/pages\/1808"}],"collection":[{"href":"https:\/\/guyane-agricole.com\/index.php?rest_route=\/wp\/v2\/pages"}],"about":[{"href":"https:\/\/guyane-agricole.com\/index.php?rest_route=\/wp\/v2\/types\/page"}],"author":[{"embeddable":true,"href":"https:\/\/guyane-agricole.com\/index.php?rest_route=\/wp\/v2\/users\/1"}],"replies":[{"embeddable":true,"href":"https:\/\/guyane-agricole.com\/index.php?rest_route=%2Fwp%2Fv2%2Fcomments&post=1808"}],"version-history":[{"count":1,"href":"https:\/\/guyane-agricole.com\/index.php?rest_route=\/wp\/v2\/pages\/1808\/revisions"}],"predecessor-version":[{"id":1809,"href":"https:\/\/guyane-agricole.com\/index.php?rest_route=\/wp\/v2\/pages\/1808\/revisions\/1809"}],"wp:attachment":[{"href":"https:\/\/guyane-agricole.com\/index.php?rest_route=%2Fwp%2Fv2%2Fmedia&parent=1808"}],"curies":[{"name":"wp","href":"https:\/\/api.w.org\/{rel}","templated":true}]}}