{"id":17,"date":"2023-02-20T15:54:21","date_gmt":"2023-02-20T14:54:21","guid":{"rendered":"http:\/\/192.168.100.195\/wordpress\/?page_id=17"},"modified":"2023-06-20T13:45:00","modified_gmt":"2023-06-20T11:45:00","slug":"loffre-guyane-agricole","status":"publish","type":"page","link":"https:\/\/guyane-agricole.com\/?page_id=17","title":{"rendered":"L&rsquo;offre Guyane Agricole"},"content":{"rendered":"\n<h2>Une offre \u00e9thique et solidaire<\/h2>\n\n\n\n<p>La fili\u00e8re agricole Hmong guyanaise est compos\u00e9e de travailleurs courageux largement sous \u00e9quip\u00e9s. L&rsquo;objectif de GUYANE AGRICOLE est d&rsquo;aider cette population m\u00e9ritante, en lui apportant des moyens de financement qui devraient permettre d&rsquo;am\u00e9liorer les conditions de travail des exploitants et initier un d\u00e9veloppement de l&rsquo;agriculture familiale durable et profitable pour tous. Ces investissements \u00e0 fonds perdu r\u00e9v\u00e8lent un caract\u00e8re \u00e9thique et solidaire et sont \u00e9ligibles de plein droit au dispositif pr\u00e9vu par l\u2019article 199 undecies B du Code G\u00e9n\u00e9ral des Imp\u00f4ts.<\/p>\n\n\n\n<p>Selon l\u2019article 199 undecies B du CGI, les contribuables domicili\u00e9s en France peuvent b\u00e9n\u00e9ficier d\u2019une r\u00e9duction d\u2019imp\u00f4t sur le revenu \u00e0 raison des investissements productifs neufs qu&rsquo;ils r\u00e9alisent dans les d\u00e9partements d&rsquo;outre-mer, dans le cadre d&rsquo;une entreprise exer\u00e7ant une activit\u00e9 agricole ou une activit\u00e9 industrielle, commerciale ou artisanale.<\/p>\n\n\n\n<p>Le 26e alin\u00e9a de l\u2019article 199 undecies B pr\u00e9voit express\u00e9ment que ces investissements peuvent \u00eatre effectu\u00e9s dans le cadre d\u2019un sch\u00e9ma locatif.<\/p>\n\n\n\n<figure class=\"wp-block-image size-full\"><img loading=\"lazy\" width=\"864\" height=\"311\" src=\"http:\/\/192.168.100.195\/wordpress\/wp-content\/uploads\/2023\/02\/contexte-agricole.jpg\" alt=\"\" class=\"wp-image-240\" srcset=\"https:\/\/guyane-agricole.com\/wp-content\/uploads\/2023\/02\/contexte-agricole.jpg 864w, https:\/\/guyane-agricole.com\/wp-content\/uploads\/2023\/02\/contexte-agricole-300x108.jpg 300w, https:\/\/guyane-agricole.com\/wp-content\/uploads\/2023\/02\/contexte-agricole-768x276.jpg 768w, https:\/\/guyane-agricole.com\/wp-content\/uploads\/2023\/02\/contexte-agricole-359x129.jpg 359w\" sizes=\"(max-width: 864px) 100vw, 864px\" \/><\/figure>\n\n\n\n<h2>Le contexte agricole Guyanais<\/h2>\n\n\n\n<h4>Une nature indomptable<\/h4>\n\n\n\n<p>Dans cette jungle luxuriante o\u00f9 la v\u00e9g\u00e9tation pousse en abondance, cultiver semble \u00eatre un jeu d&rsquo;enfant. Mais paradoxalement, la terre est loin d&rsquo;\u00eatre aussi fertile qu&rsquo;il n&rsquo;y para\u00eet, car comme partout dans la grande r\u00e9gion amazonienne pourtant si verte, le sol est v\u00e9ritablement pauvre.<br>Cet \u00e9tat de carence est amplifi\u00e9 dans les cultures, car en l\u2019absence de canop\u00e9e (protection fournie par le feuillage des arbres), les sols sont v\u00e9ritablement lessiv\u00e9s par les pluies et se voient d\u00e9lest\u00e9s de tous les nutriments pr\u00e9sents.<br>Pour compliquer encore les choses, les cultures sont rapidement envahies par de nombreuses esp\u00e8ces de nuisibles, comme les fourmis manioc, les limaces et autres insectes.<\/p>\n\n\n\n<h4>L&rsquo;agriculture familiale<\/h4>\n\n\n\n<p>La Guyane conna\u00eet une croissance d\u00e9mographique tr\u00e8s forte qui l\u2019incite d\u00e8s \u00e0 pr\u00e9sent \u00e0 anticiper les d\u00e9fis alimentaires, humains et sanitaires auxquels elle devra faire face. L\u2019agriculture familiale est envisag\u00e9e comme une des solutions par la r\u00e9gion pour r\u00e9pondre aux besoins alimentaires et limiter l\u2019exode rural. Le d\u00e9veloppement agricole devrait permettre de r\u00e9duire sensiblement la pauvret\u00e9 hors des villes avec l\u2019adaptation des productions aux besoins locaux, tout en profitant aux autres secteurs de l\u2019\u00e9conomie du fait de l\u2019augmentation du pouvoir d\u2019achat d\u2019une grande partie de la population qui d\u00e9pend de la petite agriculture. Enfin, l\u2019agriculture familiale est mieux plac\u00e9e pour g\u00e9rer les \u00e9cosyst\u00e8mes et pratiquer une agriculture plus diversifi\u00e9e qui pr\u00e9serve la sant\u00e9 des sols.<\/p>\n\n\n\n<div style=\"height:26px\" aria-hidden=\"true\" class=\"wp-block-spacer\"><\/div>\n\n\n\n<hr class=\"wp-block-separator has-text-color has-background has-accent-1-background-color has-accent-1-color\"\/>\n\n\n\n<div style=\"height:26px\" aria-hidden=\"true\" class=\"wp-block-spacer\"><\/div>\n\n\n\n<figure class=\"wp-block-image size-full\"><img loading=\"lazy\" width=\"864\" height=\"311\" src=\"http:\/\/192.168.100.195\/wordpress\/wp-content\/uploads\/2023\/02\/agriculture-familiale.jpg\" alt=\"\" class=\"wp-image-248\" srcset=\"https:\/\/guyane-agricole.com\/wp-content\/uploads\/2023\/02\/agriculture-familiale.jpg 864w, https:\/\/guyane-agricole.com\/wp-content\/uploads\/2023\/02\/agriculture-familiale-300x108.jpg 300w, https:\/\/guyane-agricole.com\/wp-content\/uploads\/2023\/02\/agriculture-familiale-768x276.jpg 768w, https:\/\/guyane-agricole.com\/wp-content\/uploads\/2023\/02\/agriculture-familiale-359x129.jpg 359w\" sizes=\"(max-width: 864px) 100vw, 864px\" \/><\/figure>\n\n\n\n<p><em>L&rsquo;enjeu du d\u00e9veloppement de l&rsquo;agriculture en Guyane est de taille et les conditions de vie et de travail pour les Hmong sont particuli\u00e8rement difficiles. Il faut disposer d\u2019une patience infinie et d\u2019un v\u00e9ritable savoir-faire, pour y cultiver la terre. C\u2019est dans ce contexte que le pr\u00e9sident de Wind Consulting (qui proposait d\u00e9j\u00e0 des services administratifs et juridiques \u00e0 certains exploitants agricole Hmong), a rencontr\u00e9, \u00e0 leur demande, les membres de cette communaut\u00e9 et qu\u2019il a pu \u00e9tablir au fil des contacts, une relation de confiance r\u00e9ciproque. Suite \u00e0 ces entrevues v\u00e9ritablement chaleureuses et enthousiastes, Wind Consulting a d\u00e9cid\u00e9, dans l\u2019esprit de la loi GIRADIN, d\u2019aider ces agriculteurs en am\u00e9liorant leurs conditions de travail.<br>Aujourd\u2019hui un grand nombre d\u2019exploitants agricole Hmong place beaucoup d\u2019espoir dans cette collaboration avec notre soci\u00e9t\u00e9. \u00c0 juste titre d\u2019ailleurs, car pour toute l\u2019\u00e9quipe de GUYANE AGRICOLE, le bien-\u00eatre des Hmong, est et restera la principale pr\u00e9occupation.<\/em><\/p>\n\n\n\n<figure class=\"wp-block-image size-large\"><img loading=\"lazy\" width=\"1024\" height=\"585\" src=\"https:\/\/guyane-agricole.com\/wp-content\/uploads\/2023\/06\/WoodHat-marche-1024x585.jpg\" alt=\"\" class=\"wp-image-1079\" srcset=\"https:\/\/guyane-agricole.com\/wp-content\/uploads\/2023\/06\/WoodHat-marche-1024x585.jpg 1024w, https:\/\/guyane-agricole.com\/wp-content\/uploads\/2023\/06\/WoodHat-marche-300x171.jpg 300w, https:\/\/guyane-agricole.com\/wp-content\/uploads\/2023\/06\/WoodHat-marche-768x439.jpg 768w, https:\/\/guyane-agricole.com\/wp-content\/uploads\/2023\/06\/WoodHat-marche-1536x878.jpg 1536w, https:\/\/guyane-agricole.com\/wp-content\/uploads\/2023\/06\/WoodHat-marche-359x205.jpg 359w, https:\/\/guyane-agricole.com\/wp-content\/uploads\/2023\/06\/WoodHat-marche.jpg 1920w\" sizes=\"(max-width: 1024px) 100vw, 1024px\" \/><\/figure>\n","protected":false},"excerpt":{"rendered":"<p>Une offre \u00e9thique et solidaire La fili\u00e8re agricole Hmong guyanaise est compos\u00e9e de travailleurs courageux largement sous \u00e9quip\u00e9s. L&rsquo;objectif&#8230;<\/p>\n","protected":false},"author":1,"featured_media":54,"parent":0,"menu_order":0,"comment_status":"closed","ping_status":"closed","template":"","meta":[],"_links":{"self":[{"href":"https:\/\/guyane-agricole.com\/index.php?rest_route=\/wp\/v2\/pages\/17"}],"collection":[{"href":"https:\/\/guyane-agricole.com\/index.php?rest_route=\/wp\/v2\/pages"}],"about":[{"href":"https:\/\/guyane-agricole.com\/index.php?rest_route=\/wp\/v2\/types\/page"}],"author":[{"embeddable":true,"href":"https:\/\/guyane-agricole.com\/index.php?rest_route=\/wp\/v2\/users\/1"}],"replies":[{"embeddable":true,"href":"https:\/\/guyane-agricole.com\/index.php?rest_route=%2Fwp%2Fv2%2Fcomments&post=17"}],"version-history":[{"count":12,"href":"https:\/\/guyane-agricole.com\/index.php?rest_route=\/wp\/v2\/pages\/17\/revisions"}],"predecessor-version":[{"id":1080,"href":"https:\/\/guyane-agricole.com\/index.php?rest_route=\/wp\/v2\/pages\/17\/revisions\/1080"}],"wp:featuredmedia":[{"embeddable":true,"href":"https:\/\/guyane-agricole.com\/index.php?rest_route=\/wp\/v2\/media\/54"}],"wp:attachment":[{"href":"https:\/\/guyane-agricole.com\/index.php?rest_route=%2Fwp%2Fv2%2Fmedia&parent=17"}],"curies":[{"name":"wp","href":"https:\/\/api.w.org\/{rel}","templated":true}]}}