{"id":125,"date":"2023-02-24T10:36:48","date_gmt":"2023-02-24T09:36:48","guid":{"rendered":"http:\/\/192.168.100.195\/wordpress\/?page_id=125"},"modified":"2025-09-12T11:01:41","modified_gmt":"2025-09-12T09:01:41","slug":"colibri-wp","status":"publish","type":"page","link":"https:\/\/guyane-agricole.com\/","title":{"rendered":""},"content":{"rendered":"\n<div class=\"wp-block-columns\">\n<div class=\"wp-block-column\" style=\"flex-basis:66.66%\">\n<h4>Bienvenu sur GUYANE AGRICOLE .COM<\/h4>\n\n\n\n<div style=\"height:33px\" aria-hidden=\"true\" class=\"wp-block-spacer\"><\/div>\n\n\n\n<p>En parcourant notre site, vous plongerez dans l&rsquo;histoire riche et complexe de la r\u00e9gion guyanaise, avec ses paysages exotiques et sa biodiversit\u00e9 unique.<br><br>Au-del\u00e0 du produit de d\u00e9fiscalisation que nous proposons, vous d\u00e9couvrirez l&rsquo;arriv\u00e9e de la communaut\u00e9 Hmong en Guyane au milieu des ann\u00e9es 70.<br>Gr\u00e2ce \u00e0 leur t\u00e9nacit\u00e9 et leur ing\u00e9niosit\u00e9, ils ont r\u00e9ussi \u00e0 b\u00e2tir une nouvelle vie dans un environnement inhospitalier et sont parvenus \u00e0 exploiter des terres difficiles et \u00e0 d\u00e9velopper une agriculture florissante.<br>Vous apprendrez comment ils ont contribu\u00e9 de mani\u00e8re significative \u00e0 l&rsquo;\u00e9conomie locale et comment, d&rsquo;une rencontre avec cette communaut\u00e9, est n\u00e9 GUYANE AGRICOLE.<\/p>\n\n\n\n<p>Nous esp\u00e9rons que votre visite sur notre site vous permettra de mieux comprendre et d&rsquo;appr\u00e9cier l&rsquo;histoire de ces exploitants agricoles Hmong en Guyane. <\/p>\n\n\n\n<p>Afin de vous lancer dans cette d\u00e9couverte, nous vous proposons cette vid\u00e9o comme point de d\u00e9part :<\/p>\n\n\n\n<div class=\"wp-block-media-text alignwide is-stacked-on-mobile\"><figure class=\"wp-block-media-text__media\"><a href=\"https:\/\/guyane-agricole.com\/videos\/Jardiniers%20de%20l'exil.mp4\"><img loading=\"lazy\" width=\"1024\" height=\"691\" src=\"http:\/\/guyane-agricole.com\/wp-content\/uploads\/2023\/10\/jardinier-exil-1024x691.jpg\" alt=\"\" class=\"wp-image-1219 size-full\" srcset=\"https:\/\/guyane-agricole.com\/wp-content\/uploads\/2023\/10\/jardinier-exil-1024x691.jpg 1024w, https:\/\/guyane-agricole.com\/wp-content\/uploads\/2023\/10\/jardinier-exil-300x202.jpg 300w, https:\/\/guyane-agricole.com\/wp-content\/uploads\/2023\/10\/jardinier-exil-768x518.jpg 768w, https:\/\/guyane-agricole.com\/wp-content\/uploads\/2023\/10\/jardinier-exil-1536x1036.jpg 1536w, https:\/\/guyane-agricole.com\/wp-content\/uploads\/2023\/10\/jardinier-exil-2048x1382.jpg 2048w, https:\/\/guyane-agricole.com\/wp-content\/uploads\/2023\/10\/jardinier-exil-359x242.jpg 359w\" sizes=\"(max-width: 1024px) 100vw, 1024px\" \/><\/a><\/figure><div class=\"wp-block-media-text__content\">\n<p class=\"has-large-font-size\"><strong><a href=\"https:\/\/guyane-agricole.com\/videos\/Jardiniers%20de%20l'exil.mp4\">Les jardiniers de l&rsquo;exil<\/a><\/strong><\/p>\n\n\n\n<p><em>Reportage diffus\u00e9 sur \u00ab\u00a0Arte\u00a0\u00bb<\/em><\/p>\n<\/div><\/div>\n\n\n\n<div style=\"height:100px\" aria-hidden=\"true\" class=\"wp-block-spacer\"><\/div>\n\n\n\n<div class=\"wp-block-media-text alignwide is-stacked-on-mobile\"><figure class=\"wp-block-media-text__media\"><a href=\"http:\/\/guyane-agricole.com\/wp-content\/uploads\/2025\/09\/2-GuyaneAgricole-Compressed.mp4\"><img loading=\"lazy\" width=\"1024\" height=\"691\" src=\"http:\/\/guyane-agricole.com\/wp-content\/uploads\/2025\/09\/MiniatureAnimation-1024x691.jpg\" alt=\"\" class=\"wp-image-1784 size-full\" srcset=\"https:\/\/guyane-agricole.com\/wp-content\/uploads\/2025\/09\/MiniatureAnimation-1024x691.jpg 1024w, https:\/\/guyane-agricole.com\/wp-content\/uploads\/2025\/09\/MiniatureAnimation-300x202.jpg 300w, https:\/\/guyane-agricole.com\/wp-content\/uploads\/2025\/09\/MiniatureAnimation-768x518.jpg 768w, https:\/\/guyane-agricole.com\/wp-content\/uploads\/2025\/09\/MiniatureAnimation-1536x1036.jpg 1536w, https:\/\/guyane-agricole.com\/wp-content\/uploads\/2025\/09\/MiniatureAnimation-2048x1382.jpg 2048w, https:\/\/guyane-agricole.com\/wp-content\/uploads\/2025\/09\/MiniatureAnimation-359x242.jpg 359w\" sizes=\"(max-width: 1024px) 100vw, 1024px\" \/><\/a><\/figure><div class=\"wp-block-media-text__content\">\n<p class=\"has-large-font-size\"><strong><a href=\"https:\/\/guyane-agricole.com\/videos\/Jardiniers%20de%20l'exil.mp4\">GUYANE: une agriculture compliqu\u00e9e<\/a><\/strong><\/p>\n\n\n\n<p><em>Courte animation<\/em><\/p>\n<\/div><\/div>\n\n\n\n<div style=\"height:100px\" aria-hidden=\"true\" class=\"wp-block-spacer\"><\/div>\n\n\n\n<div class=\"wp-block-image\"><figure class=\"aligncenter size-full\"><img loading=\"lazy\" width=\"349\" height=\"95\" src=\"http:\/\/guyane-agricole.com\/wp-content\/uploads\/2023\/05\/Separateur-woodHat.png\" alt=\"\" class=\"wp-image-1011\" srcset=\"https:\/\/guyane-agricole.com\/wp-content\/uploads\/2023\/05\/Separateur-woodHat.png 349w, https:\/\/guyane-agricole.com\/wp-content\/uploads\/2023\/05\/Separateur-woodHat-300x82.png 300w\" sizes=\"(max-width: 349px) 100vw, 349px\" \/><\/figure><\/div>\n\n\n\n<div style=\"height:100px\" aria-hidden=\"true\" class=\"wp-block-spacer\"><\/div>\n\n\n\n<div class=\"wp-block-query\"><ul class=\"wp-block-post-template\"><li>\n\n<div class=\"wp-block-columns\">\n<div class=\"wp-block-column is-vertically-aligned-center\"><figure class=\"#largeur-miniature-class {width: 100px;  } wp-block-post-featured-image\"><a href=\"https:\/\/guyane-agricole.com\/?p=1789\"><img width=\"359\" height=\"242\" src=\"https:\/\/guyane-agricole.com\/wp-content\/uploads\/2025\/09\/Miniature-Voyage-Culinaire-359x242.jpg\" class=\"attachment-post-thumbnail size-post-thumbnail wp-post-image\" alt=\"\" loading=\"lazy\" srcset=\"https:\/\/guyane-agricole.com\/wp-content\/uploads\/2025\/09\/Miniature-Voyage-Culinaire-359x242.jpg 359w, https:\/\/guyane-agricole.com\/wp-content\/uploads\/2025\/09\/Miniature-Voyage-Culinaire-300x202.jpg 300w, https:\/\/guyane-agricole.com\/wp-content\/uploads\/2025\/09\/Miniature-Voyage-Culinaire-1024x691.jpg 1024w, https:\/\/guyane-agricole.com\/wp-content\/uploads\/2025\/09\/Miniature-Voyage-Culinaire-768x518.jpg 768w, https:\/\/guyane-agricole.com\/wp-content\/uploads\/2025\/09\/Miniature-Voyage-Culinaire-1536x1036.jpg 1536w, https:\/\/guyane-agricole.com\/wp-content\/uploads\/2025\/09\/Miniature-Voyage-Culinaire-2048x1382.jpg 2048w\" sizes=\"(max-width: 359px) 100vw, 359px\" \/><\/a><\/figure>\n\n<div class=\"wp-block-post-terms\"><a href=\"https:\/\/guyane-agricole.com\/?cat=4\">Guyane<\/a> | <a href=\"https:\/\/guyane-agricole.com\/?cat=3\">Hmong<\/a><\/div><\/div>\n\n\n\n<div class=\"wp-block-column is-vertically-aligned-top\"><h4 class=\"wp-block-post-title\">Restaurant \u00ab\u00a0Bellevue\u00a0\u00bb : Voyage culinaire<\/h4>\n\n<div class=\"wp-block-post-excerpt\"><p class=\"wp-block-post-excerpt__excerpt\">\u00c0 Cacao, au d\u00e9tour des collines couvertes de for\u00eat, se niche une petite adresse discr\u00e8te : le restaurant \u00ab\u00a0Bellevue\u00a0\u00bb.<\/p><p class=\"wp-block-post-excerpt__more-text\"><a class=\"wp-block-post-excerpt__more-link\" href=\"https:\/\/guyane-agricole.com\/?p=1789\"><em><strong>\u00ab\u00a0Lire la suite\u00a0\u00bb<\/strong><\/em><\/a><\/p><\/div><\/div>\n<\/div>\n\n<\/li><li>\n\n<div class=\"wp-block-columns\">\n<div class=\"wp-block-column is-vertically-aligned-center\"><figure class=\"#largeur-miniature-class {width: 100px;  } wp-block-post-featured-image\"><a href=\"https:\/\/guyane-agricole.com\/?p=1656\"><img width=\"359\" height=\"242\" src=\"https:\/\/guyane-agricole.com\/wp-content\/uploads\/2025\/03\/Miniature-voyage-inoubliable-359x242.jpg\" class=\"attachment-post-thumbnail size-post-thumbnail wp-post-image\" alt=\"\" loading=\"lazy\" srcset=\"https:\/\/guyane-agricole.com\/wp-content\/uploads\/2025\/03\/Miniature-voyage-inoubliable-359x242.jpg 359w, https:\/\/guyane-agricole.com\/wp-content\/uploads\/2025\/03\/Miniature-voyage-inoubliable-300x202.jpg 300w, https:\/\/guyane-agricole.com\/wp-content\/uploads\/2025\/03\/Miniature-voyage-inoubliable-1024x691.jpg 1024w, https:\/\/guyane-agricole.com\/wp-content\/uploads\/2025\/03\/Miniature-voyage-inoubliable-768x518.jpg 768w, https:\/\/guyane-agricole.com\/wp-content\/uploads\/2025\/03\/Miniature-voyage-inoubliable-1536x1036.jpg 1536w, https:\/\/guyane-agricole.com\/wp-content\/uploads\/2025\/03\/Miniature-voyage-inoubliable-2048x1382.jpg 2048w\" sizes=\"(max-width: 359px) 100vw, 359px\" \/><\/a><\/figure>\n\n<div class=\"wp-block-post-terms\"><a href=\"https:\/\/guyane-agricole.com\/?cat=4\">Guyane<\/a><\/div><\/div>\n\n\n\n<div class=\"wp-block-column is-vertically-aligned-top\"><h4 class=\"wp-block-post-title\">Un Voyage Inoubliable en Guyane<\/h4>\n\n<div class=\"wp-block-post-excerpt\"><p class=\"wp-block-post-excerpt__excerpt\">Lors d&rsquo;un de ses r\u00e9cents voyages en Guyane, le pr\u00e9sident de Guyane Agricole a eu le plaisir d&rsquo;\u00eatre accompagn\u00e9<\/p><p class=\"wp-block-post-excerpt__more-text\"><a class=\"wp-block-post-excerpt__more-link\" href=\"https:\/\/guyane-agricole.com\/?p=1656\"><em><strong>\u00ab\u00a0Lire la suite\u00a0\u00bb<\/strong><\/em><\/a><\/p><\/div><\/div>\n<\/div>\n\n<\/li><li>\n\n<div class=\"wp-block-columns\">\n<div class=\"wp-block-column is-vertically-aligned-center\"><figure class=\"#largeur-miniature-class {width: 100px;  } wp-block-post-featured-image\"><a href=\"https:\/\/guyane-agricole.com\/?p=1628\"><img width=\"359\" height=\"242\" src=\"https:\/\/guyane-agricole.com\/wp-content\/uploads\/2024\/10\/Miniature-Saul-359x242.jpg\" class=\"attachment-post-thumbnail size-post-thumbnail wp-post-image\" alt=\"\" loading=\"lazy\" srcset=\"https:\/\/guyane-agricole.com\/wp-content\/uploads\/2024\/10\/Miniature-Saul-359x242.jpg 359w, https:\/\/guyane-agricole.com\/wp-content\/uploads\/2024\/10\/Miniature-Saul-300x202.jpg 300w, https:\/\/guyane-agricole.com\/wp-content\/uploads\/2024\/10\/Miniature-Saul-1024x691.jpg 1024w, https:\/\/guyane-agricole.com\/wp-content\/uploads\/2024\/10\/Miniature-Saul-768x518.jpg 768w, https:\/\/guyane-agricole.com\/wp-content\/uploads\/2024\/10\/Miniature-Saul-1536x1036.jpg 1536w, https:\/\/guyane-agricole.com\/wp-content\/uploads\/2024\/10\/Miniature-Saul-2048x1382.jpg 2048w\" sizes=\"(max-width: 359px) 100vw, 359px\" \/><\/a><\/figure>\n\n<div class=\"wp-block-post-terms\"><a href=\"https:\/\/guyane-agricole.com\/?cat=4\">Guyane<\/a><\/div><\/div>\n\n\n\n<div class=\"wp-block-column is-vertically-aligned-top\"><h4 class=\"wp-block-post-title\">Sa\u00fcl, un village hors du temps<\/h4>\n\n<div class=\"wp-block-post-excerpt\"><p class=\"wp-block-post-excerpt__excerpt\">Au c\u0153ur de la for\u00eat amazonienne, perdu dans l\u2019immensit\u00e9 de la Guyane fran\u00e7aise, se trouve un village que peu<\/p><p class=\"wp-block-post-excerpt__more-text\"><a class=\"wp-block-post-excerpt__more-link\" href=\"https:\/\/guyane-agricole.com\/?p=1628\"><em><strong>\u00ab\u00a0Lire la suite\u00a0\u00bb<\/strong><\/em><\/a><\/p><\/div><\/div>\n<\/div>\n\n<\/li><li>\n\n<div class=\"wp-block-columns\">\n<div class=\"wp-block-column is-vertically-aligned-center\"><figure class=\"#largeur-miniature-class {width: 100px;  } wp-block-post-featured-image\"><a href=\"https:\/\/guyane-agricole.com\/?p=1524\"><img width=\"359\" height=\"242\" src=\"https:\/\/guyane-agricole.com\/wp-content\/uploads\/2024\/05\/Miniature_Loutre-359x242.jpg\" class=\"attachment-post-thumbnail size-post-thumbnail wp-post-image\" alt=\"\" loading=\"lazy\" srcset=\"https:\/\/guyane-agricole.com\/wp-content\/uploads\/2024\/05\/Miniature_Loutre-359x242.jpg 359w, https:\/\/guyane-agricole.com\/wp-content\/uploads\/2024\/05\/Miniature_Loutre-300x202.jpg 300w, https:\/\/guyane-agricole.com\/wp-content\/uploads\/2024\/05\/Miniature_Loutre-1024x691.jpg 1024w, https:\/\/guyane-agricole.com\/wp-content\/uploads\/2024\/05\/Miniature_Loutre-768x518.jpg 768w, https:\/\/guyane-agricole.com\/wp-content\/uploads\/2024\/05\/Miniature_Loutre-1536x1036.jpg 1536w, https:\/\/guyane-agricole.com\/wp-content\/uploads\/2024\/05\/Miniature_Loutre-2048x1382.jpg 2048w\" sizes=\"(max-width: 359px) 100vw, 359px\" \/><\/a><\/figure>\n\n<div class=\"wp-block-post-terms\"><a href=\"https:\/\/guyane-agricole.com\/?cat=6\">Faune &amp; Flore<\/a> | <a href=\"https:\/\/guyane-agricole.com\/?cat=4\">Guyane<\/a><\/div><\/div>\n\n\n\n<div class=\"wp-block-column is-vertically-aligned-top\"><h4 class=\"wp-block-post-title\">Les loutres g\u00e9antes du lac de Petit-Saut<\/h4>\n\n<div class=\"wp-block-post-excerpt\"><p class=\"wp-block-post-excerpt__excerpt\">Dans les profondeurs myst\u00e9rieuses du lac de Petit Saut, en plein c\u0153ur de la for\u00eat tropicale guyanaise, vit une<\/p><p class=\"wp-block-post-excerpt__more-text\"><a class=\"wp-block-post-excerpt__more-link\" href=\"https:\/\/guyane-agricole.com\/?p=1524\"><em><strong>\u00ab\u00a0Lire la suite\u00a0\u00bb<\/strong><\/em><\/a><\/p><\/div><\/div>\n<\/div>\n\n<\/li><li>\n\n<div class=\"wp-block-columns\">\n<div class=\"wp-block-column is-vertically-aligned-center\"><figure class=\"#largeur-miniature-class {width: 100px;  } wp-block-post-featured-image\"><a href=\"https:\/\/guyane-agricole.com\/?p=1512\"><img width=\"359\" height=\"242\" src=\"https:\/\/guyane-agricole.com\/wp-content\/uploads\/2024\/04\/jardiniers-de-la-jungle-359x242.jpg\" class=\"attachment-post-thumbnail size-post-thumbnail wp-post-image\" alt=\"\" loading=\"lazy\" srcset=\"https:\/\/guyane-agricole.com\/wp-content\/uploads\/2024\/04\/jardiniers-de-la-jungle-359x242.jpg 359w, https:\/\/guyane-agricole.com\/wp-content\/uploads\/2024\/04\/jardiniers-de-la-jungle-300x202.jpg 300w, https:\/\/guyane-agricole.com\/wp-content\/uploads\/2024\/04\/jardiniers-de-la-jungle-1024x691.jpg 1024w, https:\/\/guyane-agricole.com\/wp-content\/uploads\/2024\/04\/jardiniers-de-la-jungle-768x518.jpg 768w, https:\/\/guyane-agricole.com\/wp-content\/uploads\/2024\/04\/jardiniers-de-la-jungle-1536x1036.jpg 1536w, https:\/\/guyane-agricole.com\/wp-content\/uploads\/2024\/04\/jardiniers-de-la-jungle-2048x1382.jpg 2048w\" sizes=\"(max-width: 359px) 100vw, 359px\" \/><\/a><\/figure>\n\n<div class=\"wp-block-post-terms\"><a href=\"https:\/\/guyane-agricole.com\/?cat=5\">Agriculture<\/a> | <a href=\"https:\/\/guyane-agricole.com\/?cat=4\">Guyane<\/a> | <a href=\"https:\/\/guyane-agricole.com\/?cat=3\">Hmong<\/a><\/div><\/div>\n\n\n\n<div class=\"wp-block-column is-vertically-aligned-top\"><h4 class=\"wp-block-post-title\">Hmong : les jardiniers de la jungle en Guyane<\/h4>\n\n<div class=\"wp-block-post-excerpt\"><p class=\"wp-block-post-excerpt__excerpt\">Plongez au c\u0153ur de la communaut\u00e9 des agriculteurs Hmong en Guyane gr\u00e2ce \u00e0 ce reportage tr\u00e8s int\u00e9ressant diffus\u00e9 lors<\/p><p class=\"wp-block-post-excerpt__more-text\"><a class=\"wp-block-post-excerpt__more-link\" href=\"https:\/\/guyane-agricole.com\/?p=1512\"><em><strong>\u00ab\u00a0Lire la suite\u00a0\u00bb<\/strong><\/em><\/a><\/p><\/div><\/div>\n<\/div>\n\n<\/li><\/ul><\/div>\n<\/div>\n\n\n\n<div class=\"wp-block-column\" style=\"flex-basis:30px\"><\/div>\n\n\n\n<div class=\"wp-block-column\" style=\"flex-basis:33.33%\"><form role=\"search\" method=\"get\" action=\"https:\/\/guyane-agricole.com\/\" class=\"wp-block-search__button-outside wp-block-search__text-button wp-block-search\"><label for=\"wp-block-search__input-1\" class=\"wp-block-search__label\">Rechercher<\/label><div class=\"wp-block-search__inside-wrapper\" style=\"width: 100%;\"><input type=\"search\" id=\"wp-block-search__input-1\" class=\"wp-block-search__input\" name=\"s\" value=\"\" placeholder=\"\"  required \/><button type=\"submit\" class=\"wp-block-search__button \">Rechercher<\/button><\/div><\/form>\n\n\n<h5 class=\"has-text-color\" style=\"color:#000000\"> Contact Email<br><a href=\"mailto:info@guyane-agricole.com\">info@guyane-agricole.com<\/a> <\/h5>\n\n\n\n<h5 class=\"has-text-color\" style=\"color:#000504\">T\u00e9l\u00e9phone <br><em>01 41 29 04 35<\/em> <\/h5>\n\n\n\n<p class=\"has-small-font-size\"><em>97 boulevard Malesherbes<\/em> 75008 PARIS<br><em>Bureaux ouverts de : 09h30 \u00e0 18h00<\/em> <\/p>\n\n\n\n<hr class=\"wp-block-separator has-text-color has-background is-style-wide\" style=\"background-color:#eff2f3;color:#eff2f3\"\/>\n\n\n\n<h5 class=\"has-text-color\" style=\"color:#000403\"> Souvenirs de voyages<\/h5>\n\n\n\n<figure class=\"wp-block-image size-large is-style-rounded\"><a href=\"https:\/\/guyane-agricole.com\/?page_id=367\"><img loading=\"lazy\" width=\"1024\" height=\"427\" src=\"http:\/\/guyane-agricole.com\/wp-content\/uploads\/2023\/03\/FondEcranPenteDouceRes2-1024x427.jpg\" alt=\"\" class=\"wp-image-563\" srcset=\"https:\/\/guyane-agricole.com\/wp-content\/uploads\/2023\/03\/FondEcranPenteDouceRes2-1024x427.jpg 1024w, https:\/\/guyane-agricole.com\/wp-content\/uploads\/2023\/03\/FondEcranPenteDouceRes2-300x125.jpg 300w, https:\/\/guyane-agricole.com\/wp-content\/uploads\/2023\/03\/FondEcranPenteDouceRes2-768x320.jpg 768w, https:\/\/guyane-agricole.com\/wp-content\/uploads\/2023\/03\/FondEcranPenteDouceRes2-1536x640.jpg 1536w, https:\/\/guyane-agricole.com\/wp-content\/uploads\/2023\/03\/FondEcranPenteDouceRes2-359x150.jpg 359w, https:\/\/guyane-agricole.com\/wp-content\/uploads\/2023\/03\/FondEcranPenteDouceRes2.jpg 1920w\" sizes=\"(max-width: 1024px) 100vw, 1024px\" \/><\/a><\/figure>\n\n\n\n<hr class=\"wp-block-separator has-text-color has-background is-style-wide\" style=\"background-color:#eff2f3;color:#eff2f3\"\/>\n\n\n\n<h5 class=\"has-text-color\" style=\"color:#000403\">Calculez votre r\u00e9duction d&rsquo;imp\u00f4t disponible<\/h5>\n\n\n\n<figure class=\"wp-block-image size-full is-style-rounded\"><a href=\"https:\/\/guyane-agricole.com\/?page_id=843\"><img loading=\"lazy\" width=\"1024\" height=\"576\" src=\"http:\/\/guyane-agricole.com\/wp-content\/uploads\/2024\/05\/FondEcranMusique-1024x576-1.jpg\" alt=\"\" class=\"wp-image-1566\" srcset=\"https:\/\/guyane-agricole.com\/wp-content\/uploads\/2024\/05\/FondEcranMusique-1024x576-1.jpg 1024w, https:\/\/guyane-agricole.com\/wp-content\/uploads\/2024\/05\/FondEcranMusique-1024x576-1-300x169.jpg 300w, https:\/\/guyane-agricole.com\/wp-content\/uploads\/2024\/05\/FondEcranMusique-1024x576-1-768x432.jpg 768w, https:\/\/guyane-agricole.com\/wp-content\/uploads\/2024\/05\/FondEcranMusique-1024x576-1-359x202.jpg 359w\" sizes=\"(max-width: 1024px) 100vw, 1024px\" \/><\/a><\/figure>\n\n\n\n<hr class=\"wp-block-separator has-text-color has-background is-style-wide\" style=\"background-color:#eff2f3;color:#eff2f3\"\/>\n\n\n\n<h5 class=\"has-text-color\" style=\"color:#000504\">Art Book<\/h5>\n\n\n\n<figure class=\"wp-block-image size-large is-style-rounded\"><a href=\"https:\/\/guyane-agricole.com\/?page_id=573\"><img loading=\"lazy\" width=\"1024\" height=\"389\" src=\"http:\/\/guyane-agricole.com\/wp-content\/uploads\/2023\/05\/Venus-fly-trap-Post-prod-1024x389.jpg\" alt=\"\" class=\"wp-image-1013\" srcset=\"https:\/\/guyane-agricole.com\/wp-content\/uploads\/2023\/05\/Venus-fly-trap-Post-prod-1024x389.jpg 1024w, https:\/\/guyane-agricole.com\/wp-content\/uploads\/2023\/05\/Venus-fly-trap-Post-prod-300x114.jpg 300w, https:\/\/guyane-agricole.com\/wp-content\/uploads\/2023\/05\/Venus-fly-trap-Post-prod-768x292.jpg 768w, https:\/\/guyane-agricole.com\/wp-content\/uploads\/2023\/05\/Venus-fly-trap-Post-prod-1536x583.jpg 1536w, https:\/\/guyane-agricole.com\/wp-content\/uploads\/2023\/05\/Venus-fly-trap-Post-prod-359x136.jpg 359w, https:\/\/guyane-agricole.com\/wp-content\/uploads\/2023\/05\/Venus-fly-trap-Post-prod.jpg 1920w\" sizes=\"(max-width: 1024px) 100vw, 1024px\" \/><\/a><\/figure>\n\n\n\n<hr class=\"wp-block-separator has-text-color has-background is-style-wide\" style=\"background-color:#eff2f3;color:#eff2f3\"\/>\n\n\n\n<h5 class=\"has-text-color\" style=\"color:#000504\">Carbet Collection<\/h5>\n\n\n\n<figure class=\"wp-block-image size-full is-style-rounded\"><img loading=\"lazy\" width=\"869\" height=\"475\" src=\"https:\/\/guyane-agricole.com\/wp-content\/uploads\/2024\/05\/Carbet_WoodHat_B.jpg\" alt=\"\" class=\"wp-image-1564\" srcset=\"https:\/\/guyane-agricole.com\/wp-content\/uploads\/2024\/05\/Carbet_WoodHat_B.jpg 869w, https:\/\/guyane-agricole.com\/wp-content\/uploads\/2024\/05\/Carbet_WoodHat_B-300x164.jpg 300w, https:\/\/guyane-agricole.com\/wp-content\/uploads\/2024\/05\/Carbet_WoodHat_B-768x420.jpg 768w, https:\/\/guyane-agricole.com\/wp-content\/uploads\/2024\/05\/Carbet_WoodHat_B-359x196.jpg 359w\" sizes=\"(max-width: 869px) 100vw, 869px\" \/><figcaption>En cours de cr\u00e9ation<\/figcaption><\/figure>\n\n\n\n<hr class=\"wp-block-separator has-text-color has-background is-style-wide\" style=\"background-color:#eff2f3;color:#eff2f3\"\/>\n\n\n<div class=\"widget meteo_widget\"><div class=\"meteo-widget weather_widget_wrap\"\n                 data-text-color=\"#000000\"\n                 data-background=\"#e2e5b8\"\n                 data-width=\"100\"\n                 data-days=\"0\"\n                 data-sunrise=\"false\"\n                 data-wind=\"false\"\n                 data-current=\"on\"\n                 data-language=\"french\"\n                 data-city=\"Cayenne\"\n                 data-country=\"French Guyana\">\n    \n                <div class=\"weather_widget_placeholder\"><\/div>\n                <div style=\"font-size: 14px;text-align: center;padding-top: 6px;padding-bottom: 4px;background: rgba(0,0,0,0.03);\">\n                    Data from <a target=\"_blank\" href=\"https:\/\/www.meteoart.com\">MeteoArt.com<\/a>\n                <\/div>\n            <\/div><\/div>\n\n\n<hr class=\"wp-block-separator has-text-color has-background is-style-wide\" style=\"background-color:#eff2f3;color:#eff2f3\"\/>\n\n\n\n<h5 class=\"has-text-color\" style=\"color:#000403\">Derniers post:<\/h5>\n\n\n<ul class=\"wp-block-latest-posts__list wp-block-latest-posts\"><li><a href=\"https:\/\/guyane-agricole.com\/?p=1789\">Restaurant \u00ab\u00a0Bellevue\u00a0\u00bb : Voyage culinaire<\/a><\/li>\n<li><a href=\"https:\/\/guyane-agricole.com\/?p=1656\">Un Voyage Inoubliable en Guyane<\/a><\/li>\n<li><a href=\"https:\/\/guyane-agricole.com\/?p=1628\">Sa\u00fcl, un village hors du temps<\/a><\/li>\n<li><a href=\"https:\/\/guyane-agricole.com\/?p=1524\">Les loutres g\u00e9antes du lac de Petit-Saut<\/a><\/li>\n<li><a href=\"https:\/\/guyane-agricole.com\/?p=1512\">Hmong : les jardiniers de la jungle en Guyane<\/a><\/li>\n<li><a href=\"https:\/\/guyane-agricole.com\/?p=1415\">\u00c0 la Conqu\u00eate des Dunes<\/a><\/li>\n<li><a href=\"https:\/\/guyane-agricole.com\/?p=1130\">Portrait d&rsquo;une agricultrice Hmong<\/a><\/li>\n<li><a href=\"https:\/\/guyane-agricole.com\/?p=1124\">La tortue oliv\u00e2tre de Guyane<\/a><\/li>\n<li><a href=\"https:\/\/guyane-agricole.com\/?p=813\">L&rsquo;origine des Hmong en BD<\/a><\/li>\n<li><a href=\"https:\/\/guyane-agricole.com\/?p=800\">Les fortes pluies en Guyane<\/a><\/li>\n<li><a href=\"https:\/\/guyane-agricole.com\/?p=714\">Le carbet guyanais<\/a><\/li>\n<li><a href=\"https:\/\/guyane-agricole.com\/?p=688\">Entretien avec un agriculteur Hmong<\/a><\/li>\n<li><a href=\"https:\/\/guyane-agricole.com\/?p=543\">La Faune en Guyane<\/a><\/li>\n<li><a href=\"https:\/\/guyane-agricole.com\/?p=541\">La Flore de Guyane<\/a><\/li>\n<li><a href=\"https:\/\/guyane-agricole.com\/?p=539\">Mariage Hmong<\/a><\/li>\n<li><a href=\"https:\/\/guyane-agricole.com\/?p=537\">Fabrication des machettes Hmong<\/a><\/li>\n<li><a href=\"https:\/\/guyane-agricole.com\/?p=535\">Le nouvel an Hmong<\/a><\/li>\n<li><a href=\"https:\/\/guyane-agricole.com\/?p=533\">Le vol du mat\u00e9riel agricole en Guyane<\/a><\/li>\n<\/ul>\n\n\n<hr class=\"wp-block-separator has-text-color has-background is-style-wide\" style=\"background-color:#eff2f3;color:#eff2f3\"\/>\n\n\n\n<h5 class=\"has-text-color\" style=\"color:#000504\">Th\u00e8mes:<\/h5>\n\n\n<ul class=\"wp-block-categories-list wp-block-categories\">\t<li class=\"cat-item cat-item-5\"><a href=\"https:\/\/guyane-agricole.com\/?cat=5\">Agriculture<\/a>\n<\/li>\n\t<li class=\"cat-item cat-item-17\"><a href=\"https:\/\/guyane-agricole.com\/?cat=17\">Bienvenu<\/a>\n<\/li>\n\t<li class=\"cat-item cat-item-6\"><a href=\"https:\/\/guyane-agricole.com\/?cat=6\">Faune &amp; Flore<\/a>\n<\/li>\n\t<li class=\"cat-item cat-item-4\"><a href=\"https:\/\/guyane-agricole.com\/?cat=4\">Guyane<\/a>\n<\/li>\n\t<li class=\"cat-item cat-item-3\"><a href=\"https:\/\/guyane-agricole.com\/?cat=3\">Hmong<\/a>\n<\/li>\n\t<li class=\"cat-item cat-item-1\"><a href=\"https:\/\/guyane-agricole.com\/?cat=1\">Non class\u00e9<\/a>\n<\/li>\n<\/ul><\/div>\n<\/div>\n\n\n\n<p><a href=\"https:\/\/guyane-agricole.com\/?cat=3\">Acc\u00e9dez aux autres articles    &gt;&gt;&gt;<\/a><\/p>\n","protected":false},"excerpt":{"rendered":"<p>Bienvenu sur GUYANE AGRICOLE .COM En parcourant notre site, vous plongerez dans l&rsquo;histoire riche et complexe de la r\u00e9gion&#8230;<\/p>\n","protected":false},"author":1,"featured_media":0,"parent":0,"menu_order":0,"comment_status":"closed","ping_status":"closed","template":"","meta":[],"_links":{"self":[{"href":"https:\/\/guyane-agricole.com\/index.php?rest_route=\/wp\/v2\/pages\/125"}],"collection":[{"href":"https:\/\/guyane-agricole.com\/index.php?rest_route=\/wp\/v2\/pages"}],"about":[{"href":"https:\/\/guyane-agricole.com\/index.php?rest_route=\/wp\/v2\/types\/page"}],"author":[{"embeddable":true,"href":"https:\/\/guyane-agricole.com\/index.php?rest_route=\/wp\/v2\/users\/1"}],"replies":[{"embeddable":true,"href":"https:\/\/guyane-agricole.com\/index.php?rest_route=%2Fwp%2Fv2%2Fcomments&post=125"}],"version-history":[{"count":98,"href":"https:\/\/guyane-agricole.com\/index.php?rest_route=\/wp\/v2\/pages\/125\/revisions"}],"predecessor-version":[{"id":1788,"href":"https:\/\/guyane-agricole.com\/index.php?rest_route=\/wp\/v2\/pages\/125\/revisions\/1788"}],"wp:attachment":[{"href":"https:\/\/guyane-agricole.com\/index.php?rest_route=%2Fwp%2Fv2%2Fmedia&parent=125"}],"curies":[{"name":"wp","href":"https:\/\/api.w.org\/{rel}","templated":true}]}}